{"id":576,"date":"2010-06-09T10:05:15","date_gmt":"2010-06-09T08:05:15","guid":{"rendered":"https:\/\/clubcaratermallorqui.com\/?page_id=576"},"modified":"2023-06-20T12:56:06","modified_gmt":"2023-06-20T10:56:06","slug":"historia-del-ca-rater","status":"publish","type":"page","link":"https:\/\/clubcaratermallorqui.com\/es\/historia-del-ca-rater\/","title":{"rendered":"Historia del Ca Rater"},"content":{"rendered":"<p>[et_pb_section fb_built=\u00bb1&#8243; admin_label=\u00bbsection\u00bb _builder_version=\u00bb4.16&#8243; global_colors_info=\u00bb{}\u00bb][et_pb_row admin_label=\u00bbrow\u00bb _builder_version=\u00bb4.16&#8243; background_size=\u00bbinitial\u00bb background_position=\u00bbtop_left\u00bb background_repeat=\u00bbrepeat\u00bb global_colors_info=\u00bb{}\u00bb][et_pb_column type=\u00bb4_4&#8243; _builder_version=\u00bb4.16&#8243; custom_padding=\u00bb|||\u00bb global_colors_info=\u00bb{}\u00bb custom_padding__hover=\u00bb|||\u00bb][et_pb_text admin_label=\u00bbText\u00bb _builder_version=\u00bb4.21.0&#8243; background_size=\u00bbinitial\u00bb background_position=\u00bbtop_left\u00bb background_repeat=\u00bbrepeat\u00bb global_colors_info=\u00bb{}\u00bb]<\/p>\n<p><span style=\"color: #993300;\"><strong>HISTORIA<\/strong><\/span><\/p>\n<p>El Ca Rater es una <strong>raza aut\u00f3ctona de la isla de Mallorca<\/strong>, con una larga tradici\u00f3n en el mundo rural. Seg\u00fan una serie de documentos gr\u00e1ficos, esta raza consta de unos 160 a\u00f1os de antig\u00fcedad. Debido a las caracter\u00edsticas morfol\u00f3gicas que presenta la raza, se la vincula con dos grupos muy antiguos de perros: los llamados perros de origen fara\u00f3nicos y los terriers.<\/p>\n<p>Lo cotidiano, particular y de utilizaci\u00f3n individual, junto con la idea de provecho que se ha tenido de los perros hasta tiempos muy recientes, ha hecho que el Ca Rater no fuera un tipo de animal muy referenciado. Por eso se encuentran pocas referencias a la bibliograf\u00eda. Por eso es a\u00fan m\u00e1s destacable que una poblaci\u00f3n muy extendida no tuviera un nombre de consenso hasta hace pr\u00e1cticamente veinte a\u00f1os. Antes recib\u00eda diferentes nominaciones seg\u00fan los pueblos o usos a los que se destinaba; as\u00ed pod\u00eda ser un fox terriret, ratero, conejero, erisonero.<\/p>\n<p>El tipo ha sido siempre homog\u00e9neo, y el trabajo de recuperaci\u00f3n fue m\u00e1s de nominaci\u00f3n y estatus, que no de unificaci\u00f3n morfol\u00f3gica.<\/p>\n<p>Durante los a\u00f1os setenta del pasado siglo, algunos criadores y aficionados empezaron a realizar una recuperaci\u00f3n ordenada. Fue en los a\u00f1os ochenta, ya dentro del Patronato de Razas Aut\u00f3ctonas de Mallorca, donde se empieza a hacer p\u00fablica la raza y la actividad de recuperaci\u00f3n.<\/p>\n<p>El Ca Rater es muy apreciado en la Mallorca rural del siglo pasado. A lo largo de su historia ha pasado por momentos buenos y malos, hasta que en 1990 nace el club del Ca Rater Mallorqu\u00edn emprendiendo la labor de selecci\u00f3n y recuperaci\u00f3n de esta raza aut\u00f3ctona mallorquina, dando sus frutos en 2002 cuando la raza es reconocida por el ministerio de agricultura y pesca como tal.<\/p>\n<p>Actualmente, esta raza tiene gran popularidad dentro de nuestras islas.<\/p>\n<p><!-- divi:paragraph -->[\/et_pb_text][\/et_pb_column][\/et_pb_row][et_pb_row column_structure=\u00bb1_4,1_2,1_4&#8243; _builder_version=\u00bb4.21.0&#8243; _module_preset=\u00bbdefault\u00bb global_colors_info=\u00bb{}\u00bb][et_pb_column type=\u00bb1_4&#8243; _builder_version=\u00bb4.21.0&#8243; _module_preset=\u00bbdefault\u00bb global_colors_info=\u00bb{}\u00bb][et_pb_image src=\u00bbhttps:\/\/clubcaratermallorqui.com\/wp-content\/uploads\/llibre-el-carater-mallorqui.jpg\u00bb align=\u00bbright\u00bb _builder_version=\u00bb4.21.0&#8243; _module_preset=\u00bbdefault\u00bb global_colors_info=\u00bb{}\u00bb][\/et_pb_image][\/et_pb_column][et_pb_column type=\u00bb1_2&#8243; _builder_version=\u00bb4.21.0&#8243; _module_preset=\u00bbdefault\u00bb global_colors_info=\u00bb{}\u00bb][et_pb_text _builder_version=\u00bb4.21.0&#8243; _module_preset=\u00bbdefault\u00bb global_colors_info=\u00bb{}\u00bb]<\/p>\n<p><strong><span style=\"color: #993300;\">PUBLICACIONES<\/span><\/strong><\/p>\n<p>El libro se present\u00f3 en el sal\u00f3n de actos del Ayuntamiento de Montu\u00efri el 29 de noviembre de 2002. Se public\u00f3 por el Club de Ca Rater Mallorqu\u00ed y subvencionado por la Oficina de Caza del Consell de Mallorca.<\/p>\n<p>PAYERAS, Lorenzo; FALCONER, Jaime. Razas aut\u00f3ctonas de las Islas Baleares. Palma de Mallorca: Govern Balear, 1998. 450 p. ISBN: 84-923765-0-3<\/p>\n<p>Alcualmente, el libro se encuentra descatalogado aunque hubo una segunda edici\u00f3n de 2004.<\/p>\n<p>De los mismos autores se encuentra Races aut\u00f3ctonas de las Islas Baleares, una extensa obra donde se encuentra un cap\u00edtulo referido al ca rater mallorqu\u00edn.<\/p>\n<p style=\"text-align: left;\"><!-- divi:paragraph --><\/p>\n<p>[\/et_pb_text][et_pb_button button_url=\u00bb\/wp-content\/uploads\/2010\/06\/carater-libro.pdf\u00bb url_new_window=\u00bbon\u00bb button_text=\u00bbDescargar libro Ca Rater\u00bb button_alignment=\u00bbcenter\u00bb _builder_version=\u00bb4.21.0&#8243; _module_preset=\u00bbdefault\u00bb hover_enabled=\u00bb0&#8243; global_colors_info=\u00bb{}\u00bb sticky_enabled=\u00bb0&#8243;][\/et_pb_button][\/et_pb_column][et_pb_column type=\u00bb1_4&#8243; _builder_version=\u00bb4.21.0&#8243; _module_preset=\u00bbdefault\u00bb global_colors_info=\u00bb{}\u00bb][et_pb_image src=\u00bbhttps:\/\/clubcaratermallorqui.com\/wp-content\/uploads\/llibre-2ed.jpg\u00bb _builder_version=\u00bb4.21.0&#8243; _module_preset=\u00bbdefault\u00bb global_colors_info=\u00bb{}\u00bb][\/et_pb_image][\/et_pb_column][\/et_pb_row][\/et_pb_section]<\/p>\n","protected":false},"excerpt":{"rendered":"<p>HISTORIA El Ca Rater es una raza aut\u00f3ctona de la isla de Mallorca, con una larga tradici\u00f3n en el mundo rural. Seg\u00fan una serie de documentos gr\u00e1ficos, esta raza consta de unos 160 a\u00f1os de antig\u00fcedad. Debido a las caracter\u00edsticas morfol\u00f3gicas que presenta la raza, se la vincula con dos grupos muy antiguos de perros: [&hellip;]<\/p>\n","protected":false},"author":1,"featured_media":0,"parent":0,"menu_order":5,"comment_status":"closed","ping_status":"closed","template":"","meta":{"_et_pb_use_builder":"on","_et_pb_old_content":"[et_pb_section fb_built=\"1\" admin_label=\"section\" _builder_version=\"4.16\" global_colors_info=\"{}\"][et_pb_row admin_label=\"row\" _builder_version=\"4.16\" background_size=\"initial\" background_position=\"top_left\" background_repeat=\"repeat\" global_colors_info=\"{}\"][et_pb_column type=\"4_4\" _builder_version=\"4.16\" custom_padding=\"|||\" global_colors_info=\"{}\" custom_padding__hover=\"|||\"][et_pb_text admin_label=\"Text\" _builder_version=\"4.21.0\" background_size=\"initial\" background_position=\"top_left\" background_repeat=\"repeat\" hover_enabled=\"0\" global_colors_info=\"{}\" sticky_enabled=\"0\"]\n\n<span style=\"color: #993300;\"><strong>HIST\u00d2RIA<\/strong><\/span>\nEl Ca Rater es una ra\u00e7a aut\u00f2ctona de l'illa de Mallorca, amb una llarga tradici\u00f3 dins el m\u00f3n rural. Segons una s\u00e8rie de documents gr\u00e0fics, aquesta ra\u00e7a consta d'uns 160 anys d'antiguitat. A causa de les caracter\u00edstiques morfol\u00f2giques que presenta la ra\u00e7a, se la vincula amb dos grups molt antics de cans: els anomenats cans d'origen fara\u00f2nics i els terriers.\n\n<!-- \/wp:paragraph -->El fet quotidi\u00e0, particular i d'utilitzaci\u00f3 individual, juntament amb la idea de profit que s'ha tingut dels cans fins a temps molts recents, ha fet que el Ca Rater no fos un tipus d'animal gaire anomenat. Per aix\u00f2 se'n troben poques refer\u00e8ncies a la bibliografia. Per aix\u00f2 encara \u00e9s m\u00e9s destacable que una poblaci\u00f3 molt estesa no tingu\u00e9s un nom de consens fins fa pr\u00e0cticament vint anys. Abans rebia diferents nominacions segons els pobles o els usos a qu\u00e8 es destinava; aix\u00ed podia ser un fox terrieret, bufo, rateret, coniller, erisoner..\n\nEl tipus ha estat sempre homogeni, i la feina de recuperaci\u00f3 va ser m\u00e9s de nominaci\u00f3 i d'estatus, que no d'unificaci\u00f3 morfol\u00f2gica.\n\n<!-- wp:paragraph -->Durant el anys setanta del passat segle, alguns criadors i aficionats comen\u00e0ren a fer-ne una recuperaci\u00f3 ordenada. Va \u00e9sser al anys vuitanta, ja dins el Patronat de Races Aut\u00f2ctones de Mallorca, en qu\u00e8 es comen\u00e7a a fer p\u00fabica la ra\u00e7a i l'activitat de recuperaci\u00f3.\n\n<!-- \/wp:paragraph -->El Ca Rater \u00e9s molt apreciat a la Mallorca rural del segle passat. Al llarg de la seva hist\u00f2ria ha passat per moments bons i dolents, fins que l'any 1990 neix el club del Ca Rater Mallorqu\u00ed emprenent la tasca de selecci\u00f3 i recuperaci\u00f3 d'aquesta ra\u00e7a aut\u00f2ctona mallorquina, donant el seus fruits el 2002 quan la ra\u00e7a \u00e9s reconeguda pel ministeri d'agricultura i pesca com a tal.\n\n<!-- \/wp:paragraph -->Actualment, aquesta ra\u00e7a t\u00e9 gran popularitat dins de les nostres Illes.\n\n<!-- wp:paragraph -->\n\n[\/et_pb_text][\/et_pb_column][\/et_pb_row][et_pb_row _builder_version=\"4.21.0\" _module_preset=\"default\" column_structure=\"1_4,1_2,1_4\"][et_pb_column _builder_version=\"4.21.0\" _module_preset=\"default\" type=\"1_4\"][et_pb_image src=\"https:\/\/clubcaratermallorqui.com\/wp-content\/uploads\/llibre-el-carater-mallorqui.jpg\" _builder_version=\"4.21.0\" _module_preset=\"default\" theme_builder_area=\"post_content\" hover_enabled=\"0\" sticky_enabled=\"0\" align=\"right\"][\/et_pb_image][\/et_pb_column][et_pb_column _builder_version=\"4.21.0\" _module_preset=\"default\" type=\"1_2\"][et_pb_text _builder_version=\"4.21.0\" _module_preset=\"default\" hover_enabled=\"0\" sticky_enabled=\"0\"]\n\n<strong><span style=\"color: #993300;\">PUBLICACIONS<\/span><\/strong>\n\n<strong><span style=\"font-weight: normal;\">El llibre es present\u00e0 a la sala d'actes de l'Ajuntament de Montu\u00efri el 29 de novembre de 2002. Es va publicar pel Club de Ca Rater Mallorqu\u00ed i subvencionat per l'Oficina de Ca\u00e7a del Consell de Mallorca.<\/span><\/strong>\n\nPAYERAS, Lloren\u00e7; FALCONER, Jaume. <em>Races aut\u00f2ctones de les Illes Balears.<\/em> Palma de Mallorca: Govern Balear, 1998. 450 p. ISBN: 84-923765-0-3\n\n<!-- wp:paragraph -->\n<p class=\"has-text-align-center\" style=\"text-align: left;\">Alcualment, el llibre es troba descatalogat tot i que va haver una segona edici\u00f3 de 2004.<\/p>\n<p class=\"has-text-align-center\" style=\"text-align: left;\">Dels mateixos autors es troba&nbsp;<i>Races aut\u00f2ctones de les Illes Balears<\/i>, una extensa obra on es troba un cap\u00edtol referit al ca rater mallorqu\u00ed.<\/p>\n<p style=\"text-align: left;\"><!-- wp:paragraph --><\/p>\n[\/et_pb_text][et_pb_button button_text=\"Descarregar llibre Ca Rater\" _builder_version=\"4.21.0\" _module_preset=\"default\" hover_enabled=\"0\" sticky_enabled=\"0\" button_url=\"\/wp-content\/uploads\/2010\/06\/carater-libro.pdf\" url_new_window=\"on\" button_alignment=\"center\"][\/et_pb_button][\/et_pb_column][et_pb_column _builder_version=\"4.21.0\" _module_preset=\"default\" type=\"1_4\"][et_pb_image src=\"https:\/\/clubcaratermallorqui.com\/wp-content\/uploads\/llibre-2ed.jpg\" _builder_version=\"4.21.0\" _module_preset=\"default\" theme_builder_area=\"post_content\" hover_enabled=\"0\" sticky_enabled=\"0\"][\/et_pb_image][\/et_pb_column][\/et_pb_row][\/et_pb_section]","_et_gb_content_width":"","footnotes":""},"class_list":["post-576","page","type-page","status-publish","hentry"],"_links":{"self":[{"href":"https:\/\/clubcaratermallorqui.com\/es\/wp-json\/wp\/v2\/pages\/576","targetHints":{"allow":["GET"]}}],"collection":[{"href":"https:\/\/clubcaratermallorqui.com\/es\/wp-json\/wp\/v2\/pages"}],"about":[{"href":"https:\/\/clubcaratermallorqui.com\/es\/wp-json\/wp\/v2\/types\/page"}],"author":[{"embeddable":true,"href":"https:\/\/clubcaratermallorqui.com\/es\/wp-json\/wp\/v2\/users\/1"}],"replies":[{"embeddable":true,"href":"https:\/\/clubcaratermallorqui.com\/es\/wp-json\/wp\/v2\/comments?post=576"}],"version-history":[{"count":3,"href":"https:\/\/clubcaratermallorqui.com\/es\/wp-json\/wp\/v2\/pages\/576\/revisions"}],"predecessor-version":[{"id":580,"href":"https:\/\/clubcaratermallorqui.com\/es\/wp-json\/wp\/v2\/pages\/576\/revisions\/580"}],"wp:attachment":[{"href":"https:\/\/clubcaratermallorqui.com\/es\/wp-json\/wp\/v2\/media?parent=576"}],"curies":[{"name":"wp","href":"https:\/\/api.w.org\/{rel}","templated":true}]}}