{"id":563,"date":"2010-07-09T17:17:31","date_gmt":"2010-07-09T15:17:31","guid":{"rendered":"https:\/\/clubcaratermallorqui.com\/?page_id=563"},"modified":"2023-06-20T12:48:15","modified_gmt":"2023-06-20T10:48:15","slug":"criadores","status":"publish","type":"page","link":"https:\/\/clubcaratermallorqui.com\/es\/criadores\/","title":{"rendered":"Criadores"},"content":{"rendered":"<p>[et_pb_section fb_built=\u00bb1&#8243; admin_label=\u00bbsection\u00bb _builder_version=\u00bb4.16&#8243; global_colors_info=\u00bb{}\u00bb][et_pb_row admin_label=\u00bbrow\u00bb _builder_version=\u00bb4.16&#8243; background_size=\u00bbinitial\u00bb background_position=\u00bbtop_left\u00bb background_repeat=\u00bbrepeat\u00bb global_colors_info=\u00bb{}\u00bb][et_pb_column type=\u00bb4_4&#8243; _builder_version=\u00bb4.16&#8243; custom_padding=\u00bb|||\u00bb global_colors_info=\u00bb{}\u00bb custom_padding__hover=\u00bb|||\u00bb][et_pb_text admin_label=\u00bbText\u00bb _builder_version=\u00bb4.16&#8243; background_size=\u00bbinitial\u00bb background_position=\u00bbtop_left\u00bb background_repeat=\u00bbrepeat\u00bb global_colors_info=\u00bb{}\u00bb]<strong><strong style=\"font-size: 14px;\"><span style=\"color: #993300;\">CRIADORES DEL CLUB<\/span><\/strong><\/strong><\/p>\n<p>Mar\u00eda Cassellas y Joan Carri\u00f3: 630 776 289<br \/>\nLloren\u00e7 Payeras Capell\u00e0:\u00a0630 348 321<br \/>\nMiquel Dur\u00e1n Gay\u00e0:\u00a0629 901 451<br \/>\nRafael Garau Genovart: 669 781 644<\/p>\n<p><!-- \/divi:gallery -->[\/et_pb_text][\/et_pb_column][\/et_pb_row][et_pb_row _builder_version=\u00bb4.21.0&#8243; _module_preset=\u00bbdefault\u00bb global_colors_info=\u00bb{}\u00bb][et_pb_column type=\u00bb4_4&#8243; _builder_version=\u00bb4.21.0&#8243; _module_preset=\u00bbdefault\u00bb global_colors_info=\u00bb{}\u00bb][et_pb_gallery gallery_ids=\u00bb435,437,433,445,443,441,439,431&#8243; posts_number=\u00bb12&#8243; show_title_and_caption=\u00bboff\u00bb show_pagination=\u00bboff\u00bb _builder_version=\u00bb4.21.0&#8243; _module_preset=\u00bbdefault\u00bb global_colors_info=\u00bb{}\u00bb][\/et_pb_gallery][\/et_pb_column][\/et_pb_row][\/et_pb_section]<\/p>\n","protected":false},"excerpt":{"rendered":"<p>CRIADORES DEL CLUB Mar\u00eda Cassellas y Joan Carri\u00f3: 630 776 289 Lloren\u00e7 Payeras Capell\u00e0:\u00a0630 348 321 Miquel Dur\u00e1n Gay\u00e0:\u00a0629 901 451 Rafael Garau Genovart: 669 781 644<\/p>\n","protected":false},"author":1,"featured_media":0,"parent":0,"menu_order":6,"comment_status":"closed","ping_status":"closed","template":"","meta":{"_et_pb_use_builder":"on","_et_pb_old_content":"[et_pb_section fb_built=\"1\" admin_label=\"section\" _builder_version=\"4.16\" global_colors_info=\"{}\"][et_pb_row admin_label=\"row\" _builder_version=\"4.16\" background_size=\"initial\" background_position=\"top_left\" background_repeat=\"repeat\" global_colors_info=\"{}\"][et_pb_column type=\"4_4\" _builder_version=\"4.16\" custom_padding=\"|||\" global_colors_info=\"{}\" custom_padding__hover=\"|||\"][et_pb_text admin_label=\"Text\" _builder_version=\"4.16\" background_size=\"initial\" background_position=\"top_left\" background_repeat=\"repeat\" global_colors_info=\"{}\"]\n\n<strong><strong style=\"font-size: 14px;\"><span style=\"color: #993300;\">CRIADORES DEL CLUB<\/span><\/strong><\/strong>\n\nMar\u00eda Cassellas y Joan Carri\u00f3: 630 776 289\nLloren\u00e7 Payeras Capell\u00e0:\u00a0630 348 321\nMiquel Dur\u00e1n Gay\u00e0:\u00a0629 901 451\nRafael Garau Genovart: 669 781 644\n\n<!-- \/wp:gallery -->\n\n[\/et_pb_text][\/et_pb_column][\/et_pb_row][et_pb_row _builder_version=\"4.21.0\" _module_preset=\"default\"][et_pb_column _builder_version=\"4.21.0\" _module_preset=\"default\" type=\"4_4\"][et_pb_gallery _builder_version=\"4.21.0\" _module_preset=\"default\" gallery_ids=\"435,437,433,445,443,441,439,431\" hover_enabled=\"0\" sticky_enabled=\"0\" posts_number=\"12\" show_title_and_caption=\"off\" show_pagination=\"off\"][\/et_pb_gallery][\/et_pb_column][\/et_pb_row][\/et_pb_section]","_et_gb_content_width":"","footnotes":""},"class_list":["post-563","page","type-page","status-publish","hentry"],"_links":{"self":[{"href":"https:\/\/clubcaratermallorqui.com\/es\/wp-json\/wp\/v2\/pages\/563","targetHints":{"allow":["GET"]}}],"collection":[{"href":"https:\/\/clubcaratermallorqui.com\/es\/wp-json\/wp\/v2\/pages"}],"about":[{"href":"https:\/\/clubcaratermallorqui.com\/es\/wp-json\/wp\/v2\/types\/page"}],"author":[{"embeddable":true,"href":"https:\/\/clubcaratermallorqui.com\/es\/wp-json\/wp\/v2\/users\/1"}],"replies":[{"embeddable":true,"href":"https:\/\/clubcaratermallorqui.com\/es\/wp-json\/wp\/v2\/comments?post=563"}],"version-history":[{"count":7,"href":"https:\/\/clubcaratermallorqui.com\/es\/wp-json\/wp\/v2\/pages\/563\/revisions"}],"predecessor-version":[{"id":570,"href":"https:\/\/clubcaratermallorqui.com\/es\/wp-json\/wp\/v2\/pages\/563\/revisions\/570"}],"wp:attachment":[{"href":"https:\/\/clubcaratermallorqui.com\/es\/wp-json\/wp\/v2\/media?parent=563"}],"curies":[{"name":"wp","href":"https:\/\/api.w.org\/{rel}","templated":true}]}}