{"id":547,"date":"2010-06-09T11:27:41","date_gmt":"2010-06-09T09:27:41","guid":{"rendered":"https:\/\/clubcaratermallorqui.com\/?page_id=547"},"modified":"2023-06-20T12:40:16","modified_gmt":"2023-06-20T10:40:16","slug":"caracteristicas","status":"publish","type":"page","link":"https:\/\/clubcaratermallorqui.com\/es\/caracteristicas\/","title":{"rendered":"Caracter\u00edsticas"},"content":{"rendered":"<p>[et_pb_section fb_built=\u00bb1&#8243; admin_label=\u00bbsection\u00bb _builder_version=\u00bb4.16&#8243; global_colors_info=\u00bb{}\u00bb][et_pb_row column_structure=\u00bb1_2,1_2&#8243; admin_label=\u00bbrow\u00bb _builder_version=\u00bb4.21.0&#8243; background_size=\u00bbinitial\u00bb background_position=\u00bbtop_left\u00bb background_repeat=\u00bbrepeat\u00bb global_colors_info=\u00bb{}\u00bb][et_pb_column type=\u00bb1_2&#8243; _builder_version=\u00bb4.16&#8243; custom_padding=\u00bb|||\u00bb global_colors_info=\u00bb{}\u00bb custom_padding__hover=\u00bb|||\u00bb][et_pb_text admin_label=\u00bbText\u00bb _builder_version=\u00bb4.16&#8243; background_size=\u00bbinitial\u00bb background_position=\u00bbtop_left\u00bb background_repeat=\u00bbrepeat\u00bb global_colors_info=\u00bb{}\u00bb]<\/p>\n<p><strong style=\"font-size: 14px;\"><span style=\"color: #993300;\">CARACTER\u00cdSTICAS<\/span><\/strong><\/p>\n<p>Es un perro de tama\u00f1o peque\u00f1o, de aspecto cuadrado. Su longitud corporal es igual a su altura, no superando los 40 cm. en la cruz. Es un perro que refleja mucha vivacidad.<\/p>\n<p>Su cabeza tiene el puerto alto con las orejas bien empinadas. El pelaje debe ser corto y brillante, las capas de coloraci\u00f3n reconocidas por el est\u00e1ndar son: negro fuego, marr\u00f3n fuego, tricolor negro y tricolor marr\u00f3n.<\/p>\n<p><strong><span style=\"color: #993300;\">FUNCIONALIDAD<\/span><\/strong><\/p>\n<p>Est\u00e1 incluido en el grupo de perros de caza ya que \u00e9sta es su principal funci\u00f3n, destacando especialmente en la caza del conejo y la rata, demostrando un gran tenacito y pasi\u00f3n.<\/p>\n<p>Su peque\u00f1o tama\u00f1o, su coraje, su inteligencia y resistencia f\u00edsica lo convierten en un gran animal de compa\u00f1\u00eda y al mismo tiempo un excelente gardian.<\/p>\n<p><strong><span style=\"color: #993300;\">MORFOLOGIA<\/span><\/strong><\/p>\n<p><strong>Prototipo racial<\/strong><\/p>\n<p><span style=\"text-decoration: underline;\">Caracter\u00edsticas generales<\/span><br \/><strong><\/strong><\/p>\n<p>El perro mallorqu\u00edn es un perro peque\u00f1o, muy por debajo del tama\u00f1o medio de la especie canina. Su altura no alcanza los 40 cent\u00edmetros y son normales los 32 &#8211; 36 cent\u00edmetros en los machos y los 29 &#8211; 33 cent\u00edmetros en las hembras.<\/p>\n<p>Su peso es reducido, de 3,5 a 5 kilos en los machos, y de 3 a 4 kilos en las hembras. Teniendo en cuenta que el perfil de la cabeza, cr\u00e1neo y la cara es recto, se puede decir que de acuerdo con la sistem\u00e1tica de clasificaci\u00f3n de Baron el perro mallorqu\u00edn es rectil\u00edneo, brevil\u00edneo y ultraelipom\u00e9trico.<\/p>\n<p>Es un animal de temperamento muy vivo, amoroso, muy nervioso y susceptible. Gran guardia de la casa, ya que avisa de repente al due\u00f1o. Gran cazador de ratas y conejos, ya que entra por cualquier hundimiento, salte las paredes con mucha facilidad, al margen que corre con mucha rapidez. Es igualmente un animal de compa\u00f1\u00eda excelente.<\/p>\n<p><span style=\"text-decoration: underline;\">Caracter\u00edsticas regionales<\/span><\/p>\n<p><strong><span style=\"color: #993300;\">CABEZA: <\/span><\/strong><span style=\"font-size: 14px;\">Destaca poco, pero est\u00e1 en proporci\u00f3n arm\u00f3nica con el cuerpo. La cara es estrecha y marcadamente puntiaguda, con los maseteros bien marcados. La nariz es peque\u00f1a y negra, y es \u00e9ste su color habitual, aunque existe una correlaci\u00f3n entre el color de la nariz, de los labios y de los ojos, que son similares. Los labios son delgados y recogidos, bien apegados a las enc\u00edas. El adobo no es nada marcado y de color habitualmente negro, como la nariz y las dem\u00e1s mucosas. Los dientes son blancos, sanos fuertes y correctamente colocados. El mordisco es de la manera llamada con tijeras. El paladar tambi\u00e9n es de coloraci\u00f3n negra o marr\u00f3n. Los ojos son redondos, grandes, algo prominentes y de posici\u00f3n horizontal y frontal. Su color es \u00e1mbar oscuro. Los p\u00e1rpados son finos, bien apegados al ojo y de color negro. Las orejas son bien erguidas, de tama\u00f1o medio, triangulares, m\u00f3viles, de inserci\u00f3n alta y sobresalen del plano lateral externo de la cabeza cuando el animal est\u00e1 en situaci\u00f3n de alerta.<\/span><\/p>\n<p><span style=\"color: #993300;\"><strong>CUELLO<\/strong><\/span>:\u00a0El cuello es robusto y cil\u00edndrico, de bajo nacimiento y es de prolongaci\u00f3n del pecho hacia arriba y adelante. Su robustez da sensaci\u00f3n de agilidad y tiene igual longitud que la cabeza.<\/p>\n<p><strong><span style=\"color: #993300;\">CUERPO<\/span><\/strong>: Es de aspecto cuadrangular en los machos, en cambio en las hembras es m\u00e1s alargado. La musculatura es firme, larga y marcada. La cruz no est\u00e1 marcada y tiene la misma altura que la grupa. El pecho es ancho y redondeado con la punta del estern\u00f3n totalmente integrada en la curva que forma. La l\u00ednea esternal (post del pecho) coincide con la altura de los codos. Los hombros son oblicuos, la l\u00ednea dorsolumbar es horizontal con el lomo, fuerte, recto y corto. El vientre es recogido, la grupa redondeada y el costillar arqueado.<\/p>\n<p><strong><span style=\"color: #993300;\">COLA<\/span><\/strong>: Una caracter\u00edstica de esta raza es que un 20% nace sin cola, con una peque\u00f1a v\u00e9rtebra a ras del cuerpo. En el est\u00e1ndar de la raza se admiten ejemplares con o sin cola, en cumplimiento de la normativa europea que hace referencia a las amputaciones por motivos de est\u00e9tica.<\/p>\n<p><span style=\"font-size: 14px; color: #993300;\"><strong>EXTREMIDADES<\/strong><\/span><span style=\"font-size: 14px;\">: <\/span><span style=\"font-size: 14px;\">Los miembros anteriores est\u00e1n bien separados por el pecho, que sobresale, y, en general, los miembros son bien musculados, especialmente los posteriores, dotados de huesos fuertes y buenas articulaciones, lo que favorece la gran capacidad que tienen para efectuar saltos sobre su vertical a gran altura. Los pies son muy finos y del tipo denominado de liebre.<\/span><\/p>\n<p><strong><span style=\"color: #993300;\">MARCHA:<\/span><\/strong> Tanto en el trote como en el galope es muy r\u00e1pido, ya que mueve las extremidades a gran velocidad.<\/p>\n<p><span style=\"color: #993300;\"><strong>PIEL:<\/strong><\/span> Es muy fina y est\u00e1 pegada al cuerpo. Nunca presenta una piel muy marcada, ni papada, ni otros pliegos. El pelo es corto y fino. Y el color principal del pelaje es negro y fuego con varios grados de la extensi\u00f3n del negro sobre el fuego y de la tonalidad del fuego, ya que \u00e9ste es encendido en algunos casos o m\u00e1s mate y color canela en otros. Es frecuente tambi\u00e9n la presencia de manchas blancas, de extensi\u00f3n variable. Se puede dar tambi\u00e9n una mutaci\u00f3n de color marr\u00f3n y fuego, y por tanto tambi\u00e9n al blanco y naranja.<\/p>\n<p><!-- \/divi:paragraph -->[\/et_pb_text][\/et_pb_column][et_pb_column type=\u00bb1_2&#8243; _builder_version=\u00bb4.16&#8243; custom_padding=\u00bb|||\u00bb global_colors_info=\u00bb{}\u00bb custom_padding__hover=\u00bb|||\u00bb][et_pb_image src=\u00bbhttps:\/\/clubcaratermallorqui.com\/wp-content\/uploads\/ca-rater-en-accio.jpg\u00bb align=\u00bbcenter\u00bb force_fullwidth=\u00bbon\u00bb _builder_version=\u00bb4.21.0&#8243; _module_preset=\u00bbdefault\u00bb global_colors_info=\u00bb{}\u00bb][\/et_pb_image][et_pb_image src=\u00bbhttps:\/\/clubcaratermallorqui.com\/wp-content\/uploads\/11.jpg\u00bb title_text=\u00bb11&#8243; align=\u00bbcenter\u00bb _builder_version=\u00bb4.21.0&#8243; _module_preset=\u00bbdefault\u00bb global_colors_info=\u00bb{}\u00bb][\/et_pb_image][et_pb_image src=\u00bbhttps:\/\/clubcaratermallorqui.com\/wp-content\/uploads\/ca-rater-cap.jpg\u00bb align=\u00bbcenter\u00bb force_fullwidth=\u00bbon\u00bb _builder_version=\u00bb4.21.0&#8243; _module_preset=\u00bbdefault\u00bb global_colors_info=\u00bb{}\u00bb][\/et_pb_image][et_pb_image src=\u00bbhttps:\/\/clubcaratermallorqui.com\/wp-content\/uploads\/ca-rater-alerta.jpg\u00bb align=\u00bbcenter\u00bb force_fullwidth=\u00bbon\u00bb _builder_version=\u00bb4.21.0&#8243; _module_preset=\u00bbdefault\u00bb global_colors_info=\u00bb{}\u00bb][\/et_pb_image][\/et_pb_column][\/et_pb_row][\/et_pb_section]<\/p>\n","protected":false},"excerpt":{"rendered":"<p>CARACTER\u00cdSTICAS Es un perro de tama\u00f1o peque\u00f1o, de aspecto cuadrado. Su longitud corporal es igual a su altura, no superando los 40 cm. en la cruz. Es un perro que refleja mucha vivacidad. Su cabeza tiene el puerto alto con las orejas bien empinadas. El pelaje debe ser corto y brillante, las capas de coloraci\u00f3n [&hellip;]<\/p>\n","protected":false},"author":1,"featured_media":405,"parent":0,"menu_order":4,"comment_status":"closed","ping_status":"closed","template":"","meta":{"_et_pb_use_builder":"on","_et_pb_old_content":"[et_pb_section fb_built=\"1\" admin_label=\"section\" _builder_version=\"4.16\" global_colors_info=\"{}\"][et_pb_row column_structure=\"1_2,1_2\" admin_label=\"row\" _builder_version=\"4.21.0\" background_size=\"initial\" background_position=\"top_left\" background_repeat=\"repeat\" global_colors_info=\"{}\"][et_pb_column type=\"1_2\" _builder_version=\"4.16\" custom_padding=\"|||\" global_colors_info=\"{}\" custom_padding__hover=\"|||\"][et_pb_text admin_label=\"Text\" _builder_version=\"4.16\" background_size=\"initial\" background_position=\"top_left\" background_repeat=\"repeat\" global_colors_info=\"{}\"]\n\n<strong><span style=\"color: #993300;\"><\/span><\/strong>\n\n<strong><span style=\"color: #993300;\"><span>CARACTER\u00cdSTIQUES<\/span><\/span><\/strong>\n\n\u00c9s un ca de talla petita, d'aspecte quadrat. La seva longitud corporal, \u00e9s igual a la seva al\u00e7ada, no superant els 40 cm. a la creu. \u00c9s un ca que reflecteix molta vivacitat.\n\nEl seu cap t\u00e9 el port alt amb les orelles ben dretes. El pelatge ha de ser curt i brillant, les capes de coloraci\u00f3 reconegudes per l'est\u00e0ndard s\u00f3n: negre foc, marr\u00f3 foc, tricolor negre i tricolor marr\u00f3.&nbsp;\n\n<strong><span style=\"color: #993300;\">FUNCIONALITAT<\/span><\/strong>\n\nEst\u00e0 incl\u00f2s en el grup de cans de ca\u00e7a ja que aquesta \u00e9s la seva principal funci\u00f3, destacant especialment en la ca\u00e7a del conill i la rata, demostrant una gran tenacit i passi\u00f3.\n\nLa seva mida petita, el seu coratge, la seva intel\u00b7lig\u00e8ncia i resist\u00e8ncia f\u00edsica el converteixen en un gran animal de companyia i al mateix temps un excel\u00b7lent gardi\u00e0.\n\n<strong><span style=\"color: #993300;\">MORFOLOGIA<\/span><\/strong>\n\n<strong>Prototipus racial<\/strong>\n\n<span style=\"text-decoration: underline;\">Caracter\u00edstiques generals<\/span>\n<strong><\/strong>El ca rater mallorqu\u00ed \u00e9s un ca petit, molt per sota de la grand\u00e0ria mitjana de l'esp\u00e8cie canina. La seva al\u00e7\u00e0ria no arriba als 40 cent\u00edmetres i s\u00f3n normals els 32 - 36 centimetres en els mascles i els 29 - 33 cent\u00edmetres en les femelles.\n\nEl seu pes \u00e9s redu\u00eft, de 3,5 a 5 quilosen els mascles, i de 3 a 4 quilos en les femelles. Tenint en compte que el perfil del cap, crani i la cara \u00e9s recte, es pot dir que d'acord amb la sistem\u00e0tica de classificaci\u00f3 de Bar\u00f3n el ca rater mallorqu\u00ed \u00e9s rectilini, brevilini i ultraelipom\u00e8tric.\n\n\u00c9s un animal de temperament molt viu, amor\u00f3s, molt nervi\u00f3s i susceptible. Gran guardi\u00e1 de la casa, ja que avisa tot d'una l'amo. Gran ca\u00e7ador de rates i conills, ja que entra per qualsevol enfony, salte les parets amb molta facilitat, al marge que corre amb molta rapidesa. \u00c9s igualment un animal de companyia excel\u00b7lent.\n\n<span style=\"text-decoration: underline;\">Caracter\u00edstiques regionals<\/span><strong>\n<span style=\"color: #993300;\">CAP: <\/span><\/strong>Destaca poc per\u00f2 est\u00e0 en proporci\u00f3 harm\u00f2nica amb el cos. La cara \u00e9s estreta i marcadament punxeguda, amb els masseters ben marcats. El nas \u00e9s petit i negre, i \u00e9s aquest el seu color habitual, malgrat que hi ha una correlaci\u00f3 entre el color del nas, dels llavis i dels ulls, que s\u00f3n similars. Els llavis s\u00f3n prims i recollits, ben aferrats a les genives. El llambrot no \u00e9s gens marcat i de color habitualment negre, com el nas i les altres mucoses. Les dents s\u00f3n blanques, sanes fortes i correctament col\u00b7locades. La mossegada \u00e9s de la manera anomenada amb tisores. El paladar \u00e9s tamb\u00e9 de coloraci\u00f3 negra o marr\u00f3. Els ulls s\u00f3n rodons, grossos, un poc prominents i de posici\u00f3 horitzontal i frontal. El seu color \u00e9s ambre fosc. Les parpelles s\u00f3n fines, ben aferrades a l'ull i de color negre. Les orelles s\u00f3n ben dretes, de grand\u00e0ria mitjana, triangulars, m\u00f2bils, d'inserci\u00f3 alta i sobresurten del pla lateral extern del cap quan l'animal est\u00e0 en situaci\u00f3 d'alerta.\n\n<span style=\"color: #993300;\"><strong>COLL<\/strong><\/span>: El coll \u00e9s robust i cil\u00edndric, de naixament baix i \u00e9s de prolongaci\u00f3 del pit cap amunt i endavant. La seva robustesa d\u00f3na sensaci\u00f3 d'agilitat i t\u00e9 la mateixa longitud que el cap.\n\n<strong><span style=\"color: #993300;\">COS<\/span><\/strong>: Es d'aspecte quadrangular als mascles, en canvi a les femelles \u00e9s m\u00e9s allargat. La musculatura \u00e9s ferma, llarga i ben marcada. La creu no \u00e9s gens marcada i t\u00e9 la mateixa al\u00e7aria que la gropa. El pit \u00e9s ample i arrodonit amb la punta de l'estern totalment integrada dins la corba que forma. La l\u00ednia esternal (post del pit) coincideix amb l'al\u00e7\u00e0ria del colzes. Les espatlles s\u00f3n obliq\u00fces, la l\u00ednia dorsolumbar \u00e9s horitzontal amb la llomada, forta, recta i breu. El ventre \u00e9s recollit, la gropa arrodonida i el costellam arquejat.\n\n<strong><span style=\"color: #993300;\">COA<\/span><\/strong>: Una caracter\u00edstica d'aquesta ra\u00e7a es que un 20% neix anur, amb una petita v\u00e8rtebra a ran del cos. En l'est\u00e0ndard de la ra\u00e7a s'admeten exemplars amb o sense cua, en compliment de la normativa europea que fa refer\u00e8ncia a les amputacions per motius d'est\u00e8tica.\n\n<span style=\"font-size: 14px; color: #993300;\"><strong>EXTREMITATS<\/strong><\/span><span style=\"font-size: 14px;\">: Els membres anteriors estan ben separats pel pit, que sobresurt, i, en general, els membres s\u00f3n eixuts de carn, ben musculats, especialment els posteriors, dotats d'ossos forts i bones articulacions, la qual cosa afavoreix la gran capacitat que tenen per efectuar bots sobre la seva vertical a gran al\u00e7\u00e0ria. Els peus s\u00f3n molt fins i del tipus denominat de llebre.<\/span>\n\n<strong><span style=\"color: #993300;\">MARXA:<\/span><\/strong> Tant al trot com al galop \u00e9s molt r\u00e0pid, ja que mou les extremitats a gran velocitat.\n\n<span style=\"color: #993300;\"><strong>PELL:<\/strong><\/span> Es molt fina i est\u00e0 aferrada al cos. No presenta mai un lambrot molt marcat, ni papada, ni altres plecs. El p\u00e8l \u00e9s curt i fi. I el color principal del pelatge \u00e9s negre i foc amb diversos graus de l'extensi\u00f3 del negre sobre el foc i de la tonalitat del foc, ja que aquest \u00e9s enc\u00e8s en alguns casos o m\u00e9s mat i color canyella en altres. \u00c9s freq\u00fcent tamb\u00e9 la pres\u00e8ncia de clapes blanques, d'extensi\u00f3 variable. Es pot donar tamb\u00e9 una mutaci\u00f3 de color marr\u00f3 i foc, i per tant tamb\u00e9 al blanc i taronja.\n\n<!-- \/wp:paragraph -->\n\n[\/et_pb_text][\/et_pb_column][et_pb_column type=\"1_2\" _builder_version=\"4.16\" custom_padding=\"|||\" global_colors_info=\"{}\" custom_padding__hover=\"|||\"][et_pb_image src=\"https:\/\/clubcaratermallorqui.com\/wp-content\/uploads\/ca-rater-en-accio.jpg\" align=\"center\" force_fullwidth=\"on\" _builder_version=\"4.21.0\" _module_preset=\"default\" global_colors_info=\"{}\"][\/et_pb_image][et_pb_image src=\"https:\/\/clubcaratermallorqui.com\/wp-content\/uploads\/11.jpg\" title_text=\"11\" align=\"center\" _builder_version=\"4.21.0\" _module_preset=\"default\" global_colors_info=\"{}\"][\/et_pb_image][et_pb_image src=\"https:\/\/clubcaratermallorqui.com\/wp-content\/uploads\/ca-rater-cap.jpg\" align=\"center\" force_fullwidth=\"on\" _builder_version=\"4.21.0\" _module_preset=\"default\" global_colors_info=\"{}\"][\/et_pb_image][et_pb_image src=\"https:\/\/clubcaratermallorqui.com\/wp-content\/uploads\/ca-rater-alerta.jpg\" align=\"center\" force_fullwidth=\"on\" _builder_version=\"4.21.0\" _module_preset=\"default\" global_colors_info=\"{}\"][\/et_pb_image][\/et_pb_column][\/et_pb_row][\/et_pb_section]","_et_gb_content_width":"","footnotes":""},"class_list":["post-547","page","type-page","status-publish","has-post-thumbnail","hentry"],"_links":{"self":[{"href":"https:\/\/clubcaratermallorqui.com\/es\/wp-json\/wp\/v2\/pages\/547","targetHints":{"allow":["GET"]}}],"collection":[{"href":"https:\/\/clubcaratermallorqui.com\/es\/wp-json\/wp\/v2\/pages"}],"about":[{"href":"https:\/\/clubcaratermallorqui.com\/es\/wp-json\/wp\/v2\/types\/page"}],"author":[{"embeddable":true,"href":"https:\/\/clubcaratermallorqui.com\/es\/wp-json\/wp\/v2\/users\/1"}],"replies":[{"embeddable":true,"href":"https:\/\/clubcaratermallorqui.com\/es\/wp-json\/wp\/v2\/comments?post=547"}],"version-history":[{"count":5,"href":"https:\/\/clubcaratermallorqui.com\/es\/wp-json\/wp\/v2\/pages\/547\/revisions"}],"predecessor-version":[{"id":560,"href":"https:\/\/clubcaratermallorqui.com\/es\/wp-json\/wp\/v2\/pages\/547\/revisions\/560"}],"wp:featuredmedia":[{"embeddable":true,"href":"https:\/\/clubcaratermallorqui.com\/es\/wp-json\/wp\/v2\/media\/405"}],"wp:attachment":[{"href":"https:\/\/clubcaratermallorqui.com\/es\/wp-json\/wp\/v2\/media?parent=547"}],"curies":[{"name":"wp","href":"https:\/\/api.w.org\/{rel}","templated":true}]}}