{"id":536,"date":"2010-06-09T16:57:16","date_gmt":"2010-06-09T14:57:16","guid":{"rendered":"https:\/\/clubcaratermallorqui.com\/?page_id=536"},"modified":"2023-06-20T12:10:52","modified_gmt":"2023-06-20T10:10:52","slug":"el-club","status":"publish","type":"page","link":"https:\/\/clubcaratermallorqui.com\/es\/el-club\/","title":{"rendered":"El Club"},"content":{"rendered":"<p>[et_pb_section fb_built=\u00bb1&#8243; admin_label=\u00bbsection\u00bb _builder_version=\u00bb4.16&#8243; global_colors_info=\u00bb{}\u00bb][et_pb_row column_structure=\u00bb3_4,1_4&#8243; _builder_version=\u00bb4.21.0&#8243; _module_preset=\u00bbdefault\u00bb global_colors_info=\u00bb{}\u00bb][et_pb_column type=\u00bb3_4&#8243; _builder_version=\u00bb4.21.0&#8243; _module_preset=\u00bbdefault\u00bb global_colors_info=\u00bb{}\u00bb][et_pb_text _builder_version=\u00bb4.21.0&#8243; _module_preset=\u00bbdefault\u00bb global_colors_info=\u00bb{}\u00bb]<\/p>\n<p>En 1990 se fund\u00f3 el <strong>Club Espa\u00f1ol del Ca Rater Mallorqu\u00ed<\/strong>, conocido por las siglas CEPRAM. Agrupa a criadores, aficionados y cazadores de perros rateros mallorquines.<\/p>\n<p><strong>El Club tiene dentro de sus funciones estatutarias, las siguientes:<\/strong><\/p>\n<p>[\/et_pb_text][\/et_pb_column][et_pb_column type=\u00bb1_4&#8243; _builder_version=\u00bb4.21.0&#8243; _module_preset=\u00bbdefault\u00bb global_colors_info=\u00bb{}\u00bb][et_pb_image src=\u00bbhttps:\/\/clubcaratermallorqui.com\/wp-content\/uploads\/logo-black-carater.gif\u00bb title_text=\u00bblogo-black-carater\u00bb align=\u00bbcenter\u00bb _builder_version=\u00bb4.21.0&#8243; _module_preset=\u00bbdefault\u00bb global_colors_info=\u00bb{}\u00bb][\/et_pb_image][\/et_pb_column][\/et_pb_row][et_pb_row admin_label=\u00bbrow\u00bb _builder_version=\u00bb4.16&#8243; background_size=\u00bbinitial\u00bb background_position=\u00bbtop_left\u00bb background_repeat=\u00bbrepeat\u00bb global_colors_info=\u00bb{}\u00bb custom_padding=\u00bb0px|||||\u00bb][et_pb_column type=\u00bb4_4&#8243; _builder_version=\u00bb4.16&#8243; custom_padding=\u00bb|||\u00bb global_colors_info=\u00bb{}\u00bb custom_padding__hover=\u00bb|||\u00bb][et_pb_text admin_label=\u00bbText\u00bb _builder_version=\u00bb4.21.0&#8243; background_size=\u00bbinitial\u00bb background_position=\u00bbtop_left\u00bb background_repeat=\u00bbrepeat\u00bb custom_margin=\u00bb||||false|false\u00bb global_colors_info=\u00bb{}\u00bb]<\/p>\n<ul>\n<li><span style=\"font-size: 14px;\">Fomentar la cr\u00eda y utilizaci\u00f3n del Ca Rater Mallorqu\u00ed<\/span><\/li>\n<li>Coordinar y mejorar la raza morfol\u00f3gica y funcionalmente<\/li>\n<li>Proceder a la petici\u00f3n, organizaci\u00f3n y gesti\u00f3n del libro geneal\u00f3gico de la raza de acuerdo con la normativa vigente<\/li>\n<\/ul>\n<p>El Club organiza concentraciones de perros, siguiendo una tradici\u00f3n incluso tan antigua como el Club, como por ejemplo la de Montu\u00efri, desde el a\u00f1o 1990. Tambi\u00e9n est\u00e1 presente en ferias de caza y eventos agroganaderos de toda Mallorca.<\/p>\n<p>Actualmente el censo de perros de la raza inscrita en el club est\u00e1 sobre el millar de ejemplares. A\u00fan muchos ejemplares se encuentran fuera de los registros, como ocurre en las zonas de origen de las razas.<\/p>\n<p>A\u00fan as\u00ed, las inscripciones anuales de cr\u00edas en el registro est\u00e1n en torno a los 150 ejemplares. Cifra considerable, sobre todo comparando con otras razas locales que disfrutan de registros oficiales desde mucho antes.<\/p>\n<p>En 2002 el Club del Ca Rater Mallorqu\u00edn tom\u00f3 otra dimensi\u00f3n al ser reconocido oficialmente como grupo de criadores de perros de pura raza.<\/p>\n<p><strong>CLUB DEL CA RATER MALLORQUI<\/strong><\/p>\n<p><strong>Presidenta<\/strong>: Maria Cassellas Gelabert.<\/p>\n<p><strong>Vicepresidentes<\/strong>: Joan Miralles Gomila, Miquel Dur\u00e1n Gay\u00e0, Lloren\u00e7 Payeras Capell\u00e0<\/p>\n<p><strong>Tesorero<\/strong>: Jos\u00e9 Francisco Riutort Sbert<\/p>\n<p><strong>Vocales<\/strong>: Rafael Garau Genobart, Lloren\u00e7 Mestre Sureda, Maribel Costa Nadal, Mar\u00eda Antonia Espinosa Moreno y Francisca Sala.<\/p>\n<p>Domicilio: C\/ Sa corona, 18 &#8211; 07230 Montu\u00efri (Mallorca, Islas Baleares) \/ Tel. 971 64 61 02<\/p>\n<p>&nbsp;<\/p>\n<p><!-- \/divi:paragraph -->[\/et_pb_text][et_pb_gallery gallery_ids=\u00bb235,236,254,253,238,239,240,241,242,243,244,245,246,247,248,249,250,255,256,257&#8243; posts_number=\u00bb24&#8243; show_title_and_caption=\u00bboff\u00bb _builder_version=\u00bb4.21.0&#8243; _module_preset=\u00bbdefault\u00bb border_radii_image=\u00bbon|10px|10px|10px|10px\u00bb global_colors_info=\u00bb{}\u00bb][\/et_pb_gallery][\/et_pb_column][\/et_pb_row][\/et_pb_section]<\/p>\n","protected":false},"excerpt":{"rendered":"<p>En 1990 se fund\u00f3 el Club Espa\u00f1ol del Ca Rater Mallorqu\u00ed, conocido por las siglas CEPRAM. Agrupa a criadores, aficionados y cazadores de perros rateros mallorquines. El Club tiene dentro de sus funciones estatutarias, las siguientes: Fomentar la cr\u00eda y utilizaci\u00f3n del Ca Rater Mallorqu\u00ed Coordinar y mejorar la raza morfol\u00f3gica y funcionalmente Proceder a [&hellip;]<\/p>\n","protected":false},"author":1,"featured_media":349,"parent":0,"menu_order":3,"comment_status":"closed","ping_status":"closed","template":"","meta":{"_et_pb_use_builder":"on","_et_pb_old_content":"[et_pb_section fb_built=\"1\" admin_label=\"section\" _builder_version=\"4.16\" global_colors_info=\"{}\"][et_pb_row _builder_version=\"4.21.0\" _module_preset=\"default\" column_structure=\"3_4,1_4\" hover_enabled=\"0\" sticky_enabled=\"0\"][et_pb_column _builder_version=\"4.21.0\" _module_preset=\"default\" type=\"3_4\"][et_pb_text _builder_version=\"4.21.0\" _module_preset=\"default\" hover_enabled=\"0\" sticky_enabled=\"0\"]\n\nL'any 1990 es fund\u00e0 el<strong> Club Espanyol del Ca Rater Mallorqu\u00ed<\/strong>, conegut per les sigles CEPRAM. Agrupa a criadors, aficionats i ca\u00e7adors de cans raters mallorquins.\n\n<!-- \/wp:paragraph --><strong>El Club t\u00e9 dins les seves funcions estatut\u00e0ries, les seg\u00fcents:<\/strong>\n\n[\/et_pb_text][\/et_pb_column][et_pb_column _builder_version=\"4.21.0\" _module_preset=\"default\" type=\"1_4\"][et_pb_image src=\"https:\/\/clubcaratermallorqui.com\/wp-content\/uploads\/logo-black-carater.gif\" _builder_version=\"4.21.0\" _module_preset=\"default\" title_text=\"logo-black-carater\" hover_enabled=\"0\" sticky_enabled=\"0\" align=\"center\"][\/et_pb_image][\/et_pb_column][\/et_pb_row][et_pb_row admin_label=\"row\" _builder_version=\"4.16\" background_size=\"initial\" background_position=\"top_left\" background_repeat=\"repeat\" global_colors_info=\"{}\"][et_pb_column type=\"4_4\" _builder_version=\"4.16\" custom_padding=\"|||\" global_colors_info=\"{}\" custom_padding__hover=\"|||\"][et_pb_text admin_label=\"Text\" _builder_version=\"4.21.0\" background_size=\"initial\" background_position=\"top_left\" background_repeat=\"repeat\" hover_enabled=\"0\" global_colors_info=\"{}\" custom_margin=\"||||false|false\" sticky_enabled=\"0\"]\n<ul>\n<ul>\n \t<li>Fomentar la cria i utilitzaci\u00f3 del Ca Rater Mallorqu\u00ed<\/li>\n \t<li>Coordinar i millorar la ra\u00e7a morfol\u00f2gicament i funcionalment<\/li>\n \t<li>Procedir a la petici\u00f3, organitzaci\u00f3 i gesti\u00f3 del llibre geneal\u00f2gic de la ra\u00e7a d'acord amb la normativa vigent<\/li>\n<\/ul>\n<\/ul>\nEl Club organitza concentracions de cans, seguint una tradici\u00f3 fins i tot tan antiga com el Club, com per exemple la de Montu\u00efri, des de l'any 1990. Tamb\u00e9 est\u00e0 present a fires de ca\u00e7a i esdeveniments agroramaders d'arreu de Mallorca.\n\nActualment el cens de cans de la ra\u00e7a inscrita al club est\u00e0 sobre el miler d'exemplars. Encara molts d'exemplars es troben fora dels registres, com passa a les zones d'origen de les races.\n\nTot i aix\u00ed les inscripcions anuals de quissons al registre est\u00e0 al voltant dels 150 exemplars. Xifra considerable, sobretot comparant amb altres races locals que gaudeixen de regisres oficials des de molt abans.\n\n&nbsp;\n\n<strong>L'any 2002 el Club del Ca Rater Mallorqu\u00ed prengu\u00e9 una altra dimensi\u00f3 en ser reconegut oficialment com a grup de criadors de cans de pura ra\u00e7a.<\/strong>\n\n<span style=\"text-decoration: underline;\"><\/span>\n\n<span style=\"text-decoration: underline;\">CLUB DEL CA RATER MALLORQUI<\/span>\n\n<strong>Presidenta:<\/strong> Maria Cassellas Gelabert.\n\n<strong>Vicepresidents:<\/strong> Joan Miralles Gomila, Miquel Dur\u00e1n Gay\u00e0, Lloren\u00e7 Payeras Capell\u00e0\n\n<strong>Tresorer:<\/strong> Jos\u00e9 Francisco Riutort Sbert\n\n<strong>Vocals:<\/strong> Rafel Garau Genobart, Lloren\u00e7 Mestre Sureda, Maribel Costa Nadal, Maria Antonia Espinosa Moreno y Francisca Sala.\n\n&nbsp;\n\nDomicili: C\/ Sa corona, 18 - 07230 Montu\u00efri (Mallorca, Illes Balears) \/ Tel. 971 64 61 02\n\n<!-- \/wp:paragraph -->\n\n<!-- wp:paragraph -->\n\n<!-- \/wp:paragraph -->\n\n[\/et_pb_text][et_pb_gallery _builder_version=\"4.21.0\" _module_preset=\"default\" gallery_ids=\"235,236,254,253,238,239,240,241,242,243,244,245,246,247,248,249,250,255,256,257\" posts_number=\"24\" show_title_and_caption=\"off\" border_radii_image=\"on|10px|10px|10px|10px\" hover_enabled=\"0\" sticky_enabled=\"0\"][\/et_pb_gallery][\/et_pb_column][\/et_pb_row][\/et_pb_section]","_et_gb_content_width":"","footnotes":""},"class_list":["post-536","page","type-page","status-publish","has-post-thumbnail","hentry"],"_links":{"self":[{"href":"https:\/\/clubcaratermallorqui.com\/es\/wp-json\/wp\/v2\/pages\/536","targetHints":{"allow":["GET"]}}],"collection":[{"href":"https:\/\/clubcaratermallorqui.com\/es\/wp-json\/wp\/v2\/pages"}],"about":[{"href":"https:\/\/clubcaratermallorqui.com\/es\/wp-json\/wp\/v2\/types\/page"}],"author":[{"embeddable":true,"href":"https:\/\/clubcaratermallorqui.com\/es\/wp-json\/wp\/v2\/users\/1"}],"replies":[{"embeddable":true,"href":"https:\/\/clubcaratermallorqui.com\/es\/wp-json\/wp\/v2\/comments?post=536"}],"version-history":[{"count":3,"href":"https:\/\/clubcaratermallorqui.com\/es\/wp-json\/wp\/v2\/pages\/536\/revisions"}],"predecessor-version":[{"id":540,"href":"https:\/\/clubcaratermallorqui.com\/es\/wp-json\/wp\/v2\/pages\/536\/revisions\/540"}],"wp:featuredmedia":[{"embeddable":true,"href":"https:\/\/clubcaratermallorqui.com\/es\/wp-json\/wp\/v2\/media\/349"}],"wp:attachment":[{"href":"https:\/\/clubcaratermallorqui.com\/es\/wp-json\/wp\/v2\/media?parent=536"}],"curies":[{"name":"wp","href":"https:\/\/api.w.org\/{rel}","templated":true}]}}