{"id":504,"date":"2010-06-10T16:05:34","date_gmt":"2010-06-10T14:05:34","guid":{"rendered":"https:\/\/clubcaratermallorqui.com\/?page_id=504"},"modified":"2025-05-15T19:46:41","modified_gmt":"2025-05-15T17:46:41","slug":"inicio","status":"publish","type":"page","link":"https:\/\/clubcaratermallorqui.com\/es\/","title":{"rendered":"Inicio"},"content":{"rendered":"\n[et_pb_section fb_built=\u00bb1&#8243; _builder_version=\u00bb4.21.0&#8243; custom_padding=\u00bb7px|||||\u00bb global_colors_info=\u00bb{}\u00bb][et_pb_row _builder_version=\u00bb4.16&#8243; background_size=\u00bbinitial\u00bb background_position=\u00bbtop_left\u00bb background_repeat=\u00bbrepeat\u00bb global_colors_info=\u00bb{}\u00bb][et_pb_column type=\u00bb4_4&#8243; _builder_version=\u00bb4.16&#8243; custom_padding=\u00bb|||\u00bb global_colors_info=\u00bb{}\u00bb custom_padding__hover=\u00bb|||\u00bb][et_pb_image src=\u00bbhttps:\/\/clubcaratermallorqui.com\/wp-content\/uploads\/logo-black-carater.gif\u00bb title_text=\u00bblogo-black-carater\u00bb align=\u00bbcenter\u00bb _builder_version=\u00bb4.21.0&#8243; _module_preset=\u00bbdefault\u00bb locked=\u00bboff\u00bb global_colors_info=\u00bb{}\u00bb][\/et_pb_image][et_pb_text _builder_version=\u00bb4.21.0&#8243; background_size=\u00bbinitial\u00bb background_position=\u00bbtop_left\u00bb background_repeat=\u00bbrepeat\u00bb global_colors_info=\u00bb{}\u00bb]<!-- divi:paragraph --><!-- \/divi:paragraph --><!-- divi:image {\"id\":15} --><!-- \/divi:image --><!-- \/divi:separator --><!-- divi:paragraph -->\n<p>Bienvenidos a la web oficial del <strong>Club del Ca Rater Mallorqu\u00ed<\/strong>, aqu\u00ed pod\u00e9is encontrar toda la informaci\u00f3n sobre el Ca Rater. Esperamos que nuestro sitio Web sea de su agrado, f\u00e1cil de usar y sobre todo \u00fatil para todos. Nuestra prioridad es facilitar toda la informaci\u00f3n que buscas relacionada con nuestro Club de la manera m\u00e1s sencilla y r\u00e1pida.<\/p>\n<p>Atentamente,<\/p>\n<p><strong>CLUB DEL CA RATER MALLORQU\u00cd<\/strong><\/p>\n<p><span style=\"font-size: 14px;\">C\/ Gregal, 3, 1r-D, 07610 Palma T\/ 971 266727 \/ 669037889<\/span><\/p>\n<p><a href=\"mailto:info@clubcaratermallorqui.com\">info@clubcaratermallorqui.com<\/a><\/p>\n<!-- \/divi:paragraph -->[\/et_pb_text][et_pb_text _builder_version=\u00bb4.27.2&#8243; _module_preset=\u00bbdefault\u00bb hover_enabled=\u00bb0&#8243; sticky_enabled=\u00bb0&#8243;]<p>Estimado socio.<\/p>\n<p>Me dirijo a usted para informaros de lo siguiente:<\/p>\n<p>1- Que el pr\u00f3ximo d\u00eda 19 de OCTUBRE de 2024, se har\u00e1 el reconocimiento de perros que tengan un a\u00f1o cumplido, con or\u00edgenes y sin or\u00edgenes.<\/p>\n<p>Para los perros sin or\u00edgenes es obligatorio que lleven microchip y cartilla sanitaria vigente.<\/p>\n<p>La tasa de reconocimiento por los perros sin or\u00edgenes, tanto por socios como por no socios, es de 150 euros.<\/p>\n<p>El reconocimiento se har\u00e1 en el Paseo del Dau de Montu\u00efri.<\/p>\n<p>El horario es de 16 a 18 horas.<\/p>\n<p>2- Que el pr\u00f3ximo d\u00eda 1 de diciembre de 2024, se celebrar\u00e1 la XXI Monogr\u00e1fica del Ca Rater Mallorqu\u00ed. Para participar, debe enviar las inscripciones antes del d\u00eda 25 de noviembre de 2024 a las siguientes direcciones de correo electr\u00f3nico:<\/p>\n<p>quicoriutord@gmail.com Y maespinosamo@gmail.com o por watsapp en el n\u00ba 669037889.<\/p>\n<p>Si no se pudiera celebrar la monogr\u00e1fica, os lo comunicar\u00edamos lo antes posible.<\/p>[\/et_pb_text][et_pb_button button_url=\u00bbhttps:\/\/clubcaratermallorqui.com\/wp-content\/uploads\/CaRater-ficha-inscripcion-2024.pdf\u00bb button_text=\u00bbDescargar hoja de inscripci\u00f3n\u00bb button_alignment=\u00bbcenter\u00bb _builder_version=\u00bb4.27.2&#8243; _module_preset=\u00bbdefault\u00bb hover_enabled=\u00bb0&#8243; global_colors_info=\u00bb{}\u00bb sticky_enabled=\u00bb0&#8243;][\/et_pb_button][et_pb_image src=\u00bbhttps:\/\/clubcaratermallorqui.com\/wp-content\/uploads\/doc-20-05-2024-scaled.jpg\u00bb title_text=\u00bbdoc-20-05-2024&#8243; align=\u00bbcenter\u00bb _builder_version=\u00bb4.25.1&#8243; _module_preset=\u00bbdefault\u00bb global_colors_info=\u00bb{}\u00bb][\/et_pb_image][et_pb_image src=\u00bbhttps:\/\/clubcaratermallorqui.com\/wp-content\/uploads\/XXmonografica-ca-rater-dec-2023.jpg\u00bb title_text=\u00bbXXmonografica-ca-rater-dec-2023&#8243; align=\u00bbcenter\u00bb _builder_version=\u00bb4.23.1&#8243; _module_preset=\u00bbdefault\u00bb global_colors_info=\u00bb{}\u00bb][\/et_pb_image][et_pb_image src=\u00bbhttps:\/\/clubcaratermallorqui.com\/wp-content\/uploads\/monografica-carater-2023-scaled.jpg\u00bb title_text=\u00bbmonografica-carater-2023&#8243; _builder_version=\u00bb4.22.2&#8243; _module_preset=\u00bbdefault\u00bb global_colors_info=\u00bb{}\u00bb][\/et_pb_image][et_pb_gallery gallery_ids=\u00bb113,114,115,116,117,118,119,120,121,122,123,124,125,126,127,128,129,130,131,132,133,134,135&#8243; gallery_orderby=\u00bbrand\u00bb posts_number=\u00bb24&#8243; orientation=\u00bbportrait\u00bb show_title_and_caption=\u00bboff\u00bb _builder_version=\u00bb4.21.0&#8243; _module_preset=\u00bbdefault\u00bb background_enable_color=\u00bboff\u00bb global_colors_info=\u00bb{}\u00bb][\/et_pb_gallery][\/et_pb_column][\/et_pb_row][\/et_pb_section]\n","protected":false},"excerpt":{"rendered":"<p>Bienvenidos a la web oficial del Club del Ca Rater Mallorqu\u00ed, aqu\u00ed pod\u00e9is encontrar toda la informaci\u00f3n sobre el Ca Rater. Esperamos que nuestro sitio Web sea de su agrado, f\u00e1cil de usar y sobre todo \u00fatil para todos. Nuestra prioridad es facilitar toda la informaci\u00f3n que buscas relacionada con nuestro Club de la manera [&hellip;]<\/p>\n","protected":false},"author":1,"featured_media":0,"parent":0,"menu_order":2,"comment_status":"closed","ping_status":"closed","template":"","meta":{"_et_pb_use_builder":"on","_et_pb_old_content":"[et_pb_section fb_built=\"1\" _builder_version=\"4.21.0\" global_colors_info=\"{}\" custom_padding=\"7px|||||\"][et_pb_row _builder_version=\"4.16\" background_size=\"initial\" background_position=\"top_left\" background_repeat=\"repeat\" global_colors_info=\"{}\"][et_pb_column type=\"4_4\" _builder_version=\"4.16\" custom_padding=\"|||\" global_colors_info=\"{}\" custom_padding__hover=\"|||\"][et_pb_image src=\"https:\/\/clubcaratermallorqui.com\/wp-content\/uploads\/logo-black-carater.gif\" title_text=\"logo-black-carater\" align=\"center\" _builder_version=\"4.21.0\" _module_preset=\"default\" global_colors_info=\"{}\" locked=\"off\"][\/et_pb_image][et_pb_text _builder_version=\"4.21.0\" background_size=\"initial\" background_position=\"top_left\" background_repeat=\"repeat\" global_colors_info=\"{}\"]<!-- divi:paragraph --><!-- \/divi:paragraph --><!-- divi:image {\"id\":15} --><!-- \/divi:image --><!-- \/divi:separator --><!-- divi:paragraph -->\n\nBenvinguts a la web oficial del<strong> Club del Ca Rater Mallorqu\u00ed<\/strong>, aqu\u00ed podreu trobar tota la informaci\u00f3 sobre el Ca Rater. Esperem que el nostre lloc web us sigui agradable, f\u00e0cil d'utilitzar i sobretot \u00fatil per a tots, la nostra prioritat \u00e9s facilitar tota la informaci\u00f3 que cerques relacionada amb el nostre club de la manera m\u00e9s senzilla i r\u00e0pida.\n\n&nbsp;Atentament,\n\n<strong>CLUB DEL CA RATER MALLORQU\u00cd<\/strong>\n\n<span style=\"font-size: 14px;\">C\/ Gregal, 3, 1r-D, 07610 Palma T\/ 971 266727 \/ 669037889<\/span>\n\n<a href=\"mailto:info@clubcaratermallorqui.com\">info@clubcaratermallorqui.com<\/a>\n\n&nbsp;\n\n<!-- \/divi:paragraph -->[\/et_pb_text][et_pb_button button_text=\"Descarregar full d'nscripci\u00f3\" button_alignment=\"center\" _builder_version=\"4.21.0\" _module_preset=\"default\" global_colors_info=\"{}\"][\/et_pb_button][et_pb_gallery gallery_ids=\"113,114,115,116,117,118,119,120,121,122,123,124,125,126,127,128,129,130,131,132,133,134,135\" gallery_orderby=\"rand\" posts_number=\"24\" orientation=\"portrait\" show_title_and_caption=\"off\" _builder_version=\"4.21.0\" _module_preset=\"default\" background_enable_color=\"off\" global_colors_info=\"{}\"][\/et_pb_gallery][\/et_pb_column][\/et_pb_row][\/et_pb_section]","_et_gb_content_width":"","footnotes":""},"class_list":["post-504","page","type-page","status-publish","hentry"],"_links":{"self":[{"href":"https:\/\/clubcaratermallorqui.com\/es\/wp-json\/wp\/v2\/pages\/504","targetHints":{"allow":["GET"]}}],"collection":[{"href":"https:\/\/clubcaratermallorqui.com\/es\/wp-json\/wp\/v2\/pages"}],"about":[{"href":"https:\/\/clubcaratermallorqui.com\/es\/wp-json\/wp\/v2\/types\/page"}],"author":[{"embeddable":true,"href":"https:\/\/clubcaratermallorqui.com\/es\/wp-json\/wp\/v2\/users\/1"}],"replies":[{"embeddable":true,"href":"https:\/\/clubcaratermallorqui.com\/es\/wp-json\/wp\/v2\/comments?post=504"}],"version-history":[{"count":13,"href":"https:\/\/clubcaratermallorqui.com\/es\/wp-json\/wp\/v2\/pages\/504\/revisions"}],"predecessor-version":[{"id":709,"href":"https:\/\/clubcaratermallorqui.com\/es\/wp-json\/wp\/v2\/pages\/504\/revisions\/709"}],"wp:attachment":[{"href":"https:\/\/clubcaratermallorqui.com\/es\/wp-json\/wp\/v2\/media?parent=504"}],"curies":[{"name":"wp","href":"https:\/\/api.w.org\/{rel}","templated":true}]}}