{"id":581,"date":"2010-06-09T10:05:15","date_gmt":"2010-06-09T08:05:15","guid":{"rendered":"https:\/\/clubcaratermallorqui.com\/?page_id=581"},"modified":"2023-06-20T13:10:25","modified_gmt":"2023-06-20T11:10:25","slug":"history-of-ca-rater","status":"publish","type":"page","link":"https:\/\/clubcaratermallorqui.com\/en\/history-of-ca-rater\/","title":{"rendered":"History of Ca Rater"},"content":{"rendered":"<p>[et_pb_section fb_built=&#8221;1&#8243; admin_label=&#8221;section&#8221; _builder_version=&#8221;4.16&#8243; global_colors_info=&#8221;{}&#8221;][et_pb_row admin_label=&#8221;row&#8221; _builder_version=&#8221;4.16&#8243; background_size=&#8221;initial&#8221; background_position=&#8221;top_left&#8221; background_repeat=&#8221;repeat&#8221; global_colors_info=&#8221;{}&#8221;][et_pb_column type=&#8221;4_4&#8243; _builder_version=&#8221;4.16&#8243; custom_padding=&#8221;|||&#8221; global_colors_info=&#8221;{}&#8221; custom_padding__hover=&#8221;|||&#8221;][et_pb_text admin_label=&#8221;Text&#8221; _builder_version=&#8221;4.21.0&#8243; background_size=&#8221;initial&#8221; background_position=&#8221;top_left&#8221; background_repeat=&#8221;repeat&#8221; global_colors_info=&#8221;{}&#8221;]<\/p>\n<p><span style=\"color: #993300;\"><strong>HISTORY<\/strong><\/span><\/p>\n<p><strong>The Ca Rater is an autochthonous breed from the island of Mallorca<\/strong>, with a long tradition in the rural world. According to a series of graphic documents, this breed is about 160 years old. Due to the morphological characteristics of the breed, it is linked to two very ancient groups of dogs: the so-called dogs of pharaonic origin and terriers.<\/p>\n<p>The everyday, particular and individual use, together with the idea of benefit that has been had from dogs until very recent times, has meant that the Ca Rater was not a very referenced type of animal. For this reason, there are few references to the bibliography. That is why it is even more remarkable that a very widespread population did not have a consensus name until almost twenty years ago. Before it received different nominations according to the towns or uses to which it was destined; so could be a fox terrier, pickpocket, rabbit, erisonero.<\/p>\n<p>The type has always been homogeneous, and the recovery work focused more on naming and status than on morphological unification.<\/p>\n<p>During the seventies of the last century, some breeders and fans began to make an orderly recovery. It was in the eighties, already within the Board of Autochthonous Breeds of Mallorca, where the breed and the recovery activity began to be made public.<\/p>\n<p>The Ca Rater is highly appreciated in rural Mallorca in the last century. Throughout its history it has gone through good and bad times, until the Ca Rater Mallorqu\u00edn club was born in 1990, undertaking the work of selection and recovery of this native Mallorcan breed, bearing fruit in 2002 when the breed was recognized by the Ministry of Agriculture and Fisheries as such.<\/p>\n<p>Currently, this breed is very popular within our islands.<\/p>\n<p>&nbsp;<\/p>\n<p>&nbsp;<\/p>\n<p><!-- divi:paragraph -->[\/et_pb_text][\/et_pb_column][\/et_pb_row][et_pb_row column_structure=&#8221;1_4,1_2,1_4&#8243; _builder_version=&#8221;4.21.0&#8243; _module_preset=&#8221;default&#8221; global_colors_info=&#8221;{}&#8221;][et_pb_column type=&#8221;1_4&#8243; _builder_version=&#8221;4.21.0&#8243; _module_preset=&#8221;default&#8221; global_colors_info=&#8221;{}&#8221;][et_pb_image src=&#8221;https:\/\/clubcaratermallorqui.com\/wp-content\/uploads\/llibre-el-carater-mallorqui.jpg&#8221; align=&#8221;right&#8221; _builder_version=&#8221;4.21.0&#8243; _module_preset=&#8221;default&#8221; global_colors_info=&#8221;{}&#8221;][\/et_pb_image][\/et_pb_column][et_pb_column type=&#8221;1_2&#8243; _builder_version=&#8221;4.21.0&#8243; _module_preset=&#8221;default&#8221; global_colors_info=&#8221;{}&#8221;][et_pb_text _builder_version=&#8221;4.21.0&#8243; _module_preset=&#8221;default&#8221; custom_padding=&#8221;22px|||||&#8221; global_colors_info=&#8221;{}&#8221;]<\/p>\n<p><strong><span style=\"color: #993300;\">PUBLICATIONS<\/span><\/strong><\/p>\n<p>The book was presented in the assembly hall of the Montu\u00efri Town Hall on November 29, 2002. It was published by the Club de Ca Rater Mallorqu\u00ed and subsidized by the Hunting Office of the Consell de Mallorca.<\/p>\n<p>PAYERAS, Lorenzo; FALCONER, Jamie. Native breeds of the Balearic Islands. Palma de Mallorca: Balearic Government, 1998. 450 p. ISBN: 84-923765-0-3<\/p>\n<p>Currently, the book is out of print, although there was a second edition from 2004.<\/p>\n<p>By the same authors is Autochthonous Races of the Balearic Islands, an extensive work where there is a chapter referring to the Mallorcan character.<\/p>\n<p style=\"text-align: left;\"><!-- divi:paragraph --><\/p>\n<p>[\/et_pb_text][et_pb_button button_url=&#8221;\/wp-content\/uploads\/2010\/06\/carater-libro.pdf&#8221; url_new_window=&#8221;on&#8221; button_text=&#8221;Download book Ca Rater&#8221; button_alignment=&#8221;center&#8221; _builder_version=&#8221;4.21.0&#8243; _module_preset=&#8221;default&#8221; global_colors_info=&#8221;{}&#8221;][\/et_pb_button][\/et_pb_column][et_pb_column type=&#8221;1_4&#8243; _builder_version=&#8221;4.21.0&#8243; _module_preset=&#8221;default&#8221; global_colors_info=&#8221;{}&#8221;][et_pb_image src=&#8221;https:\/\/clubcaratermallorqui.com\/wp-content\/uploads\/llibre-2ed.jpg&#8221; _builder_version=&#8221;4.21.0&#8243; _module_preset=&#8221;default&#8221; global_colors_info=&#8221;{}&#8221;][\/et_pb_image][\/et_pb_column][\/et_pb_row][\/et_pb_section]<\/p>\n","protected":false},"excerpt":{"rendered":"<p>HISTORY The Ca Rater is an autochthonous breed from the island of Mallorca, with a long tradition in the rural world. According to a series of graphic documents, this breed is about 160 years old. Due to the morphological characteristics of the breed, it is linked to two very ancient groups of dogs: the so-called [&hellip;]<\/p>\n","protected":false},"author":1,"featured_media":0,"parent":0,"menu_order":5,"comment_status":"closed","ping_status":"closed","template":"","meta":{"_et_pb_use_builder":"on","_et_pb_old_content":"[et_pb_section fb_built=\"1\" admin_label=\"section\" _builder_version=\"4.16\" global_colors_info=\"{}\"][et_pb_row admin_label=\"row\" _builder_version=\"4.16\" background_size=\"initial\" background_position=\"top_left\" background_repeat=\"repeat\" global_colors_info=\"{}\"][et_pb_column type=\"4_4\" _builder_version=\"4.16\" custom_padding=\"|||\" global_colors_info=\"{}\" custom_padding__hover=\"|||\"][et_pb_text admin_label=\"Text\" _builder_version=\"4.21.0\" background_size=\"initial\" background_position=\"top_left\" background_repeat=\"repeat\" global_colors_info=\"{}\"]\n\n<span style=\"color: #993300;\"><strong>HISTORIA<\/strong><\/span>\n\nEl Ca Rater es una <strong>raza aut\u00f3ctona de la isla de Mallorca<\/strong>, con una larga tradici\u00f3n en el mundo rural. Seg\u00fan una serie de documentos gr\u00e1ficos, esta raza consta de unos 160 a\u00f1os de antig\u00fcedad. Debido a las caracter\u00edsticas morfol\u00f3gicas que presenta la raza, se la vincula con dos grupos muy antiguos de perros: los llamados perros de origen fara\u00f3nicos y los terriers.\n\nLo cotidiano, particular y de utilizaci\u00f3n individual, junto con la idea de provecho que se ha tenido de los perros hasta tiempos muy recientes, ha hecho que el Ca Rater no fuera un tipo de animal muy referenciado. Por eso se encuentran pocas referencias a la bibliograf\u00eda. Por eso es a\u00fan m\u00e1s destacable que una poblaci\u00f3n muy extendida no tuviera un nombre de consenso hasta hace pr\u00e1cticamente veinte a\u00f1os. Antes recib\u00eda diferentes nominaciones seg\u00fan los pueblos o usos a los que se destinaba; as\u00ed pod\u00eda ser un fox terriret, ratero, conejero, erisonero.\n\nEl tipo ha sido siempre homog\u00e9neo, y el trabajo de recuperaci\u00f3n fue m\u00e1s de nominaci\u00f3n y estatus, que no de unificaci\u00f3n morfol\u00f3gica.\n\nDurante los a\u00f1os setenta del pasado siglo, algunos criadores y aficionados empezaron a realizar una recuperaci\u00f3n ordenada. Fue en los a\u00f1os ochenta, ya dentro del Patronato de Razas Aut\u00f3ctonas de Mallorca, donde se empieza a hacer p\u00fablica la raza y la actividad de recuperaci\u00f3n.\n\nEl Ca Rater es muy apreciado en la Mallorca rural del siglo pasado. A lo largo de su historia ha pasado por momentos buenos y malos, hasta que en 1990 nace el club del Ca Rater Mallorqu\u00edn emprendiendo la labor de selecci\u00f3n y recuperaci\u00f3n de esta raza aut\u00f3ctona mallorquina, dando sus frutos en 2002 cuando la raza es reconocida por el ministerio de agricultura y pesca como tal.\n\nActualmente, esta raza tiene gran popularidad dentro de nuestras islas.\n\n<!-- divi:paragraph -->[\/et_pb_text][\/et_pb_column][\/et_pb_row][et_pb_row column_structure=\"1_4,1_2,1_4\" _builder_version=\"4.21.0\" _module_preset=\"default\" global_colors_info=\"{}\"][et_pb_column type=\"1_4\" _builder_version=\"4.21.0\" _module_preset=\"default\" global_colors_info=\"{}\"][et_pb_image src=\"https:\/\/clubcaratermallorqui.com\/wp-content\/uploads\/llibre-el-carater-mallorqui.jpg\" align=\"right\" _builder_version=\"4.21.0\" _module_preset=\"default\" global_colors_info=\"{}\"][\/et_pb_image][\/et_pb_column][et_pb_column type=\"1_2\" _builder_version=\"4.21.0\" _module_preset=\"default\" global_colors_info=\"{}\"][et_pb_text _builder_version=\"4.21.0\" _module_preset=\"default\" global_colors_info=\"{}\"]\n\n<strong><span style=\"color: #993300;\">PUBLICACIONES<\/span><\/strong>\n\nEl libro se present\u00f3 en el sal\u00f3n de actos del Ayuntamiento de Montu\u00efri el 29 de noviembre de 2002. Se public\u00f3 por el Club de Ca Rater Mallorqu\u00ed y subvencionado por la Oficina de Caza del Consell de Mallorca.\n\nPAYERAS, Lorenzo; FALCONER, Jaime. Razas aut\u00f3ctonas de las Islas Baleares. Palma de Mallorca: Govern Balear, 1998. 450 p. ISBN: 84-923765-0-3\n\nAlcualmente, el libro se encuentra descatalogado aunque hubo una segunda edici\u00f3n de 2004.\n\nDe los mismos autores se encuentra Races aut\u00f3ctonas de las Islas Baleares, una extensa obra donde se encuentra un cap\u00edtulo referido al ca rater mallorqu\u00edn.\n<p style=\"text-align: left;\"><!-- divi:paragraph --><\/p>\n[\/et_pb_text][et_pb_button button_url=\"\/wp-content\/uploads\/2010\/06\/carater-libro.pdf\" url_new_window=\"on\" button_text=\"Descargar libro Ca Rater\" button_alignment=\"center\" _builder_version=\"4.21.0\" _module_preset=\"default\" hover_enabled=\"0\" global_colors_info=\"{}\" sticky_enabled=\"0\"][\/et_pb_button][\/et_pb_column][et_pb_column type=\"1_4\" _builder_version=\"4.21.0\" _module_preset=\"default\" global_colors_info=\"{}\"][et_pb_image src=\"https:\/\/clubcaratermallorqui.com\/wp-content\/uploads\/llibre-2ed.jpg\" _builder_version=\"4.21.0\" _module_preset=\"default\" global_colors_info=\"{}\"][\/et_pb_image][\/et_pb_column][\/et_pb_row][\/et_pb_section]","_et_gb_content_width":"","footnotes":""},"class_list":["post-581","page","type-page","status-publish","hentry"],"_links":{"self":[{"href":"https:\/\/clubcaratermallorqui.com\/en\/wp-json\/wp\/v2\/pages\/581","targetHints":{"allow":["GET"]}}],"collection":[{"href":"https:\/\/clubcaratermallorqui.com\/en\/wp-json\/wp\/v2\/pages"}],"about":[{"href":"https:\/\/clubcaratermallorqui.com\/en\/wp-json\/wp\/v2\/types\/page"}],"author":[{"embeddable":true,"href":"https:\/\/clubcaratermallorqui.com\/en\/wp-json\/wp\/v2\/users\/1"}],"replies":[{"embeddable":true,"href":"https:\/\/clubcaratermallorqui.com\/en\/wp-json\/wp\/v2\/comments?post=581"}],"version-history":[{"count":4,"href":"https:\/\/clubcaratermallorqui.com\/en\/wp-json\/wp\/v2\/pages\/581\/revisions"}],"predecessor-version":[{"id":605,"href":"https:\/\/clubcaratermallorqui.com\/en\/wp-json\/wp\/v2\/pages\/581\/revisions\/605"}],"wp:attachment":[{"href":"https:\/\/clubcaratermallorqui.com\/en\/wp-json\/wp\/v2\/media?parent=581"}],"curies":[{"name":"wp","href":"https:\/\/api.w.org\/{rel}","templated":true}]}}