{"id":571,"date":"2010-07-09T17:17:31","date_gmt":"2010-07-09T15:17:31","guid":{"rendered":"https:\/\/clubcaratermallorqui.com\/?page_id=571"},"modified":"2023-06-20T12:50:01","modified_gmt":"2023-06-20T10:50:01","slug":"breeders","status":"publish","type":"page","link":"https:\/\/clubcaratermallorqui.com\/en\/breeders\/","title":{"rendered":"Breeders"},"content":{"rendered":"<p>[et_pb_section fb_built=&#8221;1&#8243; admin_label=&#8221;section&#8221; _builder_version=&#8221;4.16&#8243; global_colors_info=&#8221;{}&#8221;][et_pb_row admin_label=&#8221;row&#8221; _builder_version=&#8221;4.16&#8243; background_size=&#8221;initial&#8221; background_position=&#8221;top_left&#8221; background_repeat=&#8221;repeat&#8221; global_colors_info=&#8221;{}&#8221;][et_pb_column type=&#8221;4_4&#8243; _builder_version=&#8221;4.16&#8243; custom_padding=&#8221;|||&#8221; global_colors_info=&#8221;{}&#8221; custom_padding__hover=&#8221;|||&#8221;][et_pb_text admin_label=&#8221;Text&#8221; _builder_version=&#8221;4.16&#8243; background_size=&#8221;initial&#8221; background_position=&#8221;top_left&#8221; background_repeat=&#8221;repeat&#8221; global_colors_info=&#8221;{}&#8221;]<\/p>\n<p><strong><strong style=\"font-size: 14px;\"><span style=\"color: #993300;\">THE CLUB BREEDERS<\/span><\/strong><\/strong><\/p>\n<p>Mar\u00eda Cassellas &amp; Joan Carri\u00f3: 630 776 289<br \/>Lloren\u00e7 Payeras Capell\u00e0:\u00a0630 348 321<br \/>Miquel Dur\u00e1n Gay\u00e0:\u00a0629 901 451<br \/>Rafael Garau Genovart: 669 781 644<\/p>\n<p>&nbsp;<\/p>\n<p><!-- \/divi:gallery -->[\/et_pb_text][\/et_pb_column][\/et_pb_row][et_pb_row _builder_version=&#8221;4.21.0&#8243; _module_preset=&#8221;default&#8221; global_colors_info=&#8221;{}&#8221;][et_pb_column type=&#8221;4_4&#8243; _builder_version=&#8221;4.21.0&#8243; _module_preset=&#8221;default&#8221; global_colors_info=&#8221;{}&#8221;][et_pb_gallery gallery_ids=&#8221;435,437,433,445,443,441,439,431&#8243; posts_number=&#8221;12&#8243; show_title_and_caption=&#8221;off&#8221; show_pagination=&#8221;off&#8221; _builder_version=&#8221;4.21.0&#8243; _module_preset=&#8221;default&#8221; global_colors_info=&#8221;{}&#8221;][\/et_pb_gallery][\/et_pb_column][\/et_pb_row][\/et_pb_section]<\/p>\n","protected":false},"excerpt":{"rendered":"<p>THE CLUB BREEDERS Mar\u00eda Cassellas &amp; Joan Carri\u00f3: 630 776 289Lloren\u00e7 Payeras Capell\u00e0:\u00a0630 348 321Miquel Dur\u00e1n Gay\u00e0:\u00a0629 901 451Rafael Garau Genovart: 669 781 644 &nbsp;<\/p>\n","protected":false},"author":1,"featured_media":0,"parent":0,"menu_order":6,"comment_status":"closed","ping_status":"closed","template":"","meta":{"_et_pb_use_builder":"on","_et_pb_old_content":"[et_pb_section fb_built=\"1\" admin_label=\"section\" _builder_version=\"4.16\" global_colors_info=\"{}\"][et_pb_row admin_label=\"row\" _builder_version=\"4.16\" background_size=\"initial\" background_position=\"top_left\" background_repeat=\"repeat\" global_colors_info=\"{}\"][et_pb_column type=\"4_4\" _builder_version=\"4.16\" custom_padding=\"|||\" global_colors_info=\"{}\" custom_padding__hover=\"|||\"][et_pb_text admin_label=\"Text\" _builder_version=\"4.16\" background_size=\"initial\" background_position=\"top_left\" background_repeat=\"repeat\" global_colors_info=\"{}\"]<strong><strong style=\"font-size: 14px;\"><span style=\"color: #993300;\">CRIADORES DEL CLUB<\/span><\/strong><\/strong>\n\nMar\u00eda Cassellas y Joan Carri\u00f3: 630 776 289\nLloren\u00e7 Payeras Capell\u00e0:&nbsp;630 348 321\nMiquel Dur\u00e1n Gay\u00e0:&nbsp;629 901 451\nRafael Garau Genovart: 669 781 644\n\n<!-- \/divi:gallery -->[\/et_pb_text][\/et_pb_column][\/et_pb_row][et_pb_row _builder_version=\"4.21.0\" _module_preset=\"default\" global_colors_info=\"{}\"][et_pb_column type=\"4_4\" _builder_version=\"4.21.0\" _module_preset=\"default\" global_colors_info=\"{}\"][et_pb_gallery gallery_ids=\"435,437,433,445,443,441,439,431\" posts_number=\"12\" show_title_and_caption=\"off\" show_pagination=\"off\" _builder_version=\"4.21.0\" _module_preset=\"default\" global_colors_info=\"{}\"][\/et_pb_gallery][\/et_pb_column][\/et_pb_row][\/et_pb_section]","_et_gb_content_width":"","footnotes":""},"class_list":["post-571","page","type-page","status-publish","hentry"],"_links":{"self":[{"href":"https:\/\/clubcaratermallorqui.com\/en\/wp-json\/wp\/v2\/pages\/571","targetHints":{"allow":["GET"]}}],"collection":[{"href":"https:\/\/clubcaratermallorqui.com\/en\/wp-json\/wp\/v2\/pages"}],"about":[{"href":"https:\/\/clubcaratermallorqui.com\/en\/wp-json\/wp\/v2\/types\/page"}],"author":[{"embeddable":true,"href":"https:\/\/clubcaratermallorqui.com\/en\/wp-json\/wp\/v2\/users\/1"}],"replies":[{"embeddable":true,"href":"https:\/\/clubcaratermallorqui.com\/en\/wp-json\/wp\/v2\/comments?post=571"}],"version-history":[{"count":4,"href":"https:\/\/clubcaratermallorqui.com\/en\/wp-json\/wp\/v2\/pages\/571\/revisions"}],"predecessor-version":[{"id":575,"href":"https:\/\/clubcaratermallorqui.com\/en\/wp-json\/wp\/v2\/pages\/571\/revisions\/575"}],"wp:attachment":[{"href":"https:\/\/clubcaratermallorqui.com\/en\/wp-json\/wp\/v2\/media?parent=571"}],"curies":[{"name":"wp","href":"https:\/\/api.w.org\/{rel}","templated":true}]}}