{"id":553,"date":"2010-06-09T11:27:41","date_gmt":"2010-06-09T09:27:41","guid":{"rendered":"https:\/\/clubcaratermallorqui.com\/?page_id=553"},"modified":"2023-06-20T12:39:48","modified_gmt":"2023-06-20T10:39:48","slug":"characteristics","status":"publish","type":"page","link":"https:\/\/clubcaratermallorqui.com\/en\/characteristics\/","title":{"rendered":"Characteristics"},"content":{"rendered":"<p>[et_pb_section fb_built=&#8221;1&#8243; admin_label=&#8221;section&#8221; _builder_version=&#8221;4.16&#8243; global_colors_info=&#8221;{}&#8221;][et_pb_row column_structure=&#8221;1_2,1_2&#8243; admin_label=&#8221;row&#8221; _builder_version=&#8221;4.21.0&#8243; background_size=&#8221;initial&#8221; background_position=&#8221;top_left&#8221; background_repeat=&#8221;repeat&#8221; global_colors_info=&#8221;{}&#8221;][et_pb_column type=&#8221;1_2&#8243; _builder_version=&#8221;4.16&#8243; custom_padding=&#8221;|||&#8221; global_colors_info=&#8221;{}&#8221; custom_padding__hover=&#8221;|||&#8221;][et_pb_text admin_label=&#8221;Text&#8221; _builder_version=&#8221;4.16&#8243; background_size=&#8221;initial&#8221; background_position=&#8221;top_left&#8221; background_repeat=&#8221;repeat&#8221; global_colors_info=&#8221;{}&#8221;]<\/p>\n<p><strong style=\"font-size: 14px;\"><span style=\"color: #993300;\">CHARACTERISTICS<\/span><\/strong><\/p>\n<p>It is a small dog, with a square appearance. Its body length is equal to its height, not exceeding 40 cm. on the cross. It is a dog that reflects a lot of vivacity.<\/p>\n<p>Its head has a high port with very steep ears. The coat should be short and shiny, the coloration coats recognized by the standard are: tan black, tan tan, black tricolor and brown tricolor.<\/p>\n<p><strong style=\"font-size: 14px;\"><span style=\"color: #993300;\">FUNCTIONALITY<\/span><\/strong><\/p>\n<p>It is included in the group of hunting dogs since this is its main function, standing out especially in hunting rabbits and rats, showing great tenacity and passion.<\/p>\n<p>Its small size, its courage, its intelligence and physical resistance make it a great companion animal and at the same time an excellent gardian.<\/p>\n<p><strong style=\"font-size: 14px;\"><span style=\"color: #993300;\">MORPHOLOGY<\/span><\/strong><\/p>\n<p><strong>racial prototype<\/strong><\/p>\n<p><span style=\"text-decoration: underline;\">General characteristics<\/span><\/p>\n<p>The Majorcan dog is a small dog, well below the average size of the canine species. Its height does not reach 40 centimeters and 32 &#8211; 36 centimeters in males and 29 &#8211; 33 centimeters in females are normal.<\/p>\n<p>Its weight is low, from 3.5 to 5 kilos in males, and from 3 to 4 kilos in females. Bearing in mind that the profile of the head, skull and face is straight, it can be said that according to Baron&#8217;s classification system, the Majorcan dog is rectilinear, brevilinear and ultraellipometric.<\/p>\n<p>It is an animal with a very lively, loving, very nervous and susceptible temperament. Great guard of the house, since it suddenly warns the owner. Great hunter of rats and rabbits, since it enters through any sinkhole, it jumps the walls very easily, apart from the fact that it runs very quickly. It is also an excellent companion animal.<\/p>\n<p><span style=\"text-decoration: underline;\">Regional characteristics<\/span><\/p>\n<p><strong style=\"font-size: 14px;\"><span style=\"color: #993300;\">HEAD<\/span><\/strong>: Slightly prominent, but in harmonic proportion to the body. The face is narrow and sharply pointed, with well marked masseters. The nose is small and black, and this is its usual colour, although there is a correlation between the color of the nose, the lips and the eyes, which are similar. The lips are thin and collected, well attached to the gums. The marinade is not marked at all and is usually black in color, like the nose and other mucous membranes. Teeth are white, healthy, strong and correctly positioned. The bite is in the manner called with scissors. The palate is also black or brown in color. The eyes are round, large, somewhat prominent, and horizontal and frontal. Its color is dark amber. The eyelids are thin, well attached to the eye and black. The ears are well erect, of medium size, triangular, mobile, set high and protrude from the outer lateral plane of the head when the animal is alert.<\/p>\n<p><strong style=\"font-size: 14px;\"><span style=\"color: #993300;\">NECK<\/span><\/strong>: The neck is robust and cylindrical, of low birth and is an extension of the chest upwards and forwards. Its robustness gives a feeling of agility and it is the same length as the head.<\/p>\n<p><strong style=\"font-size: 14px;\"><span style=\"color: #993300;\">BODY<\/span><\/strong>: It is quadrangular in appearance in males, while in females it is more elongated. The musculature is firm, long and marked. The withers are not marked and have the same height as the croup. The chest is broad and rounded with the point of the sternum fully integrated into the curve it forms. The sternal line (post of the chest) coincides with the height of the elbows. The shoulders are oblique, the thoracolumbar line is horizontal with the loin, strong, straight and short. The belly is tucked in, the croup rounded and the ribs arched.<\/p>\n<p><strong style=\"font-size: 14px;\"><span style=\"color: #993300;\">TAIL<\/span><\/strong>: A characteristic of this breed is that 20% are born without a tail, with a small vertebra flush with the body. In the breed standard, specimens with or without tail are admitted, in compliance with the European regulations that refer to amputations for aesthetic reasons.<\/p>\n<p><strong style=\"font-size: 14px;\"><span style=\"color: #993300;\">LIMBS<\/span><\/strong>: The forelegs are well separated by the chest, which protrudes, and, in general, the limbs are well muscled, especially the hindquarters, endowed with strong bones and good joints, which favors their great ability to jump on its vertical at a great height. The feet are very fine and of the type called hare&#8217;s.<\/p>\n<p><strong style=\"font-size: 14px;\"><span style=\"color: #993300;\">GATHER<\/span><\/strong>: Both in the trot and in the gallop it is very fast, since it moves the extremities at great speed.<\/p>\n<p><strong style=\"font-size: 14px;\"><span style=\"color: #993300;\">SKIN<\/span><\/strong>: It is very thin and is attached to the body. It never has a very marked skin, or double chin, or other folds. The hair is short and fine. And the main color of the coat is black and tan with various degrees of the extent of black on tan and the hue of the tan, since it is fiery in some cases or more matte and tan in others. The presence of white spots of variable extension is also frequent. A brown and tan color mutation can also occur, and therefore also white and orange.<\/p>\n<p><!-- \/divi:paragraph -->[\/et_pb_text][\/et_pb_column][et_pb_column type=&#8221;1_2&#8243; _builder_version=&#8221;4.16&#8243; custom_padding=&#8221;|||&#8221; global_colors_info=&#8221;{}&#8221; custom_padding__hover=&#8221;|||&#8221;][et_pb_image src=&#8221;https:\/\/clubcaratermallorqui.com\/wp-content\/uploads\/ca-rater-en-accio.jpg&#8221; align=&#8221;center&#8221; force_fullwidth=&#8221;on&#8221; _builder_version=&#8221;4.21.0&#8243; _module_preset=&#8221;default&#8221; global_colors_info=&#8221;{}&#8221;][\/et_pb_image][et_pb_image src=&#8221;https:\/\/clubcaratermallorqui.com\/wp-content\/uploads\/11.jpg&#8221; title_text=&#8221;11&#8243; align=&#8221;center&#8221; _builder_version=&#8221;4.21.0&#8243; _module_preset=&#8221;default&#8221; global_colors_info=&#8221;{}&#8221;][\/et_pb_image][et_pb_image src=&#8221;https:\/\/clubcaratermallorqui.com\/wp-content\/uploads\/ca-rater-cap.jpg&#8221; align=&#8221;center&#8221; force_fullwidth=&#8221;on&#8221; _builder_version=&#8221;4.21.0&#8243; _module_preset=&#8221;default&#8221; global_colors_info=&#8221;{}&#8221;][\/et_pb_image][et_pb_image src=&#8221;https:\/\/clubcaratermallorqui.com\/wp-content\/uploads\/ca-rater-alerta.jpg&#8221; align=&#8221;center&#8221; force_fullwidth=&#8221;on&#8221; _builder_version=&#8221;4.21.0&#8243; _module_preset=&#8221;default&#8221; global_colors_info=&#8221;{}&#8221;][\/et_pb_image][\/et_pb_column][\/et_pb_row][\/et_pb_section]<\/p>\n","protected":false},"excerpt":{"rendered":"<p>CHARACTERISTICS It is a small dog, with a square appearance. Its body length is equal to its height, not exceeding 40 cm. on the cross. It is a dog that reflects a lot of vivacity. Its head has a high port with very steep ears. The coat should be short and shiny, the coloration coats [&hellip;]<\/p>\n","protected":false},"author":1,"featured_media":404,"parent":0,"menu_order":4,"comment_status":"closed","ping_status":"closed","template":"","meta":{"_et_pb_use_builder":"on","_et_pb_old_content":"[et_pb_section fb_built=\"1\" admin_label=\"section\" _builder_version=\"4.16\" global_colors_info=\"{}\"][et_pb_row column_structure=\"1_2,1_2\" admin_label=\"row\" _builder_version=\"4.21.0\" background_size=\"initial\" background_position=\"top_left\" background_repeat=\"repeat\" global_colors_info=\"{}\"][et_pb_column type=\"1_2\" _builder_version=\"4.16\" custom_padding=\"|||\" global_colors_info=\"{}\" custom_padding__hover=\"|||\"][et_pb_text admin_label=\"Text\" _builder_version=\"4.16\" background_size=\"initial\" background_position=\"top_left\" background_repeat=\"repeat\" global_colors_info=\"{}\"]\n\n<strong style=\"font-size: 14px;\"><span style=\"color: #993300;\">CARACTER\u00cdSTICAS<\/span><\/strong>\n\nEs un perro de tama\u00f1o peque\u00f1o, de aspecto cuadrado. Su longitud corporal es igual a su altura, no superando los 40 cm. en la cruz. Es un perro que refleja mucha vivacidad.\n\nSu cabeza tiene el puerto alto con las orejas bien empinadas. El pelaje debe ser corto y brillante, las capas de coloraci\u00f3n reconocidas por el est\u00e1ndar son: negro fuego, marr\u00f3n fuego, tricolor negro y tricolor marr\u00f3n.\n\n<strong><span style=\"color: #993300;\">FUNCIONALIDAD<\/span><\/strong>\n\nEst\u00e1 incluido en el grupo de perros de caza ya que \u00e9sta es su principal funci\u00f3n, destacando especialmente en la caza del conejo y la rata, demostrando un gran tenacito y pasi\u00f3n.\n\nSu peque\u00f1o tama\u00f1o, su coraje, su inteligencia y resistencia f\u00edsica lo convierten en un gran animal de compa\u00f1\u00eda y al mismo tiempo un excelente gardian.\n\n<strong><span style=\"color: #993300;\">MORFOLOGIA<\/span><\/strong>\n\n<strong>Prototipo racial<\/strong>\n\n<span style=\"text-decoration: underline;\">Caracter\u00edsticas generales<\/span>\n<strong><\/strong>\n\nEl perro mallorqu\u00edn es un perro peque\u00f1o, muy por debajo del tama\u00f1o medio de la especie canina. Su altura no alcanza los 40 cent\u00edmetros y son normales los 32 - 36 cent\u00edmetros en los machos y los 29 - 33 cent\u00edmetros en las hembras.\n\nSu peso es reducido, de 3,5 a 5 kilos en los machos, y de 3 a 4 kilos en las hembras. Teniendo en cuenta que el perfil de la cabeza, cr\u00e1neo y la cara es recto, se puede decir que de acuerdo con la sistem\u00e1tica de clasificaci\u00f3n de Baron el perro mallorqu\u00edn es rectil\u00edneo, brevil\u00edneo y ultraelipom\u00e9trico.\n\nEs un animal de temperamento muy vivo, amoroso, muy nervioso y susceptible. Gran guardia de la casa, ya que avisa de repente al due\u00f1o. Gran cazador de ratas y conejos, ya que entra por cualquier hundimiento, salte las paredes con mucha facilidad, al margen que corre con mucha rapidez. Es igualmente un animal de compa\u00f1\u00eda excelente.\n\n<span style=\"text-decoration: underline;\">Caracter\u00edsticas regionales<\/span>\n\n<strong><span style=\"color: #993300;\">CABEZA: <\/span><\/strong><span style=\"font-size: 14px;\">Destaca poco, pero est\u00e1 en proporci\u00f3n arm\u00f3nica con el cuerpo. La cara es estrecha y marcadamente puntiaguda, con los maseteros bien marcados. La nariz es peque\u00f1a y negra, y es \u00e9ste su color habitual, aunque existe una correlaci\u00f3n entre el color de la nariz, de los labios y de los ojos, que son similares. Los labios son delgados y recogidos, bien apegados a las enc\u00edas. El adobo no es nada marcado y de color habitualmente negro, como la nariz y las dem\u00e1s mucosas. Los dientes son blancos, sanos fuertes y correctamente colocados. El mordisco es de la manera llamada con tijeras. El paladar tambi\u00e9n es de coloraci\u00f3n negra o marr\u00f3n. Los ojos son redondos, grandes, algo prominentes y de posici\u00f3n horizontal y frontal. Su color es \u00e1mbar oscuro. Los p\u00e1rpados son finos, bien apegados al ojo y de color negro. Las orejas son bien erguidas, de tama\u00f1o medio, triangulares, m\u00f3viles, de inserci\u00f3n alta y sobresalen del plano lateral externo de la cabeza cuando el animal est\u00e1 en situaci\u00f3n de alerta.<\/span>\n\n<span style=\"color: #993300;\"><strong>CUELLO<\/strong><\/span>:&nbsp;El cuello es robusto y cil\u00edndrico, de bajo nacimiento y es de prolongaci\u00f3n del pecho hacia arriba y adelante. Su robustez da sensaci\u00f3n de agilidad y tiene igual longitud que la cabeza.\n\n<strong><span style=\"color: #993300;\">CUERPO<\/span><\/strong>: Es de aspecto cuadrangular en los machos, en cambio en las hembras es m\u00e1s alargado. La musculatura es firme, larga y marcada. La cruz no est\u00e1 marcada y tiene la misma altura que la grupa. El pecho es ancho y redondeado con la punta del estern\u00f3n totalmente integrada en la curva que forma. La l\u00ednea esternal (post del pecho) coincide con la altura de los codos. Los hombros son oblicuos, la l\u00ednea dorsolumbar es horizontal con el lomo, fuerte, recto y corto. El vientre es recogido, la grupa redondeada y el costillar arqueado.\n\n<strong><span style=\"color: #993300;\">COLA<\/span><\/strong>: Una caracter\u00edstica de esta raza es que un 20% nace sin cola, con una peque\u00f1a v\u00e9rtebra a ras del cuerpo. En el est\u00e1ndar de la raza se admiten ejemplares con o sin cola, en cumplimiento de la normativa europea que hace referencia a las amputaciones por motivos de est\u00e9tica.\n\n<span style=\"font-size: 14px; color: #993300;\"><strong>EXTREMIDADES<\/strong><\/span><span style=\"font-size: 14px;\">: <\/span><span style=\"font-size: 14px;\">Los miembros anteriores est\u00e1n bien separados por el pecho, que sobresale, y, en general, los miembros son bien musculados, especialmente los posteriores, dotados de huesos fuertes y buenas articulaciones, lo que favorece la gran capacidad que tienen para efectuar saltos sobre su vertical a gran altura. Los pies son muy finos y del tipo denominado de liebre.<\/span>\n\n<strong><span style=\"color: #993300;\">MARCHA:<\/span><\/strong> Tanto en el trote como en el galope es muy r\u00e1pido, ya que mueve las extremidades a gran velocidad.\n\n<span style=\"color: #993300;\"><strong>PIEL:<\/strong><\/span> Es muy fina y est\u00e1 pegada al cuerpo. Nunca presenta una piel muy marcada, ni papada, ni otros pliegos. El pelo es corto y fino. Y el color principal del pelaje es negro y fuego con varios grados de la extensi\u00f3n del negro sobre el fuego y de la tonalidad del fuego, ya que \u00e9ste es encendido en algunos casos o m\u00e1s mate y color canela en otros. Es frecuente tambi\u00e9n la presencia de manchas blancas, de extensi\u00f3n variable. Se puede dar tambi\u00e9n una mutaci\u00f3n de color marr\u00f3n y fuego, y por tanto tambi\u00e9n al blanco y naranja.\n\n<!-- \/divi:paragraph -->[\/et_pb_text][\/et_pb_column][et_pb_column type=\"1_2\" _builder_version=\"4.16\" custom_padding=\"|||\" global_colors_info=\"{}\" custom_padding__hover=\"|||\"][et_pb_image src=\"https:\/\/clubcaratermallorqui.com\/wp-content\/uploads\/ca-rater-en-accio.jpg\" align=\"center\" force_fullwidth=\"on\" _builder_version=\"4.21.0\" _module_preset=\"default\" global_colors_info=\"{}\"][\/et_pb_image][et_pb_image src=\"https:\/\/clubcaratermallorqui.com\/wp-content\/uploads\/11.jpg\" title_text=\"11\" align=\"center\" _builder_version=\"4.21.0\" _module_preset=\"default\" global_colors_info=\"{}\"][\/et_pb_image][et_pb_image src=\"https:\/\/clubcaratermallorqui.com\/wp-content\/uploads\/ca-rater-cap.jpg\" align=\"center\" force_fullwidth=\"on\" _builder_version=\"4.21.0\" _module_preset=\"default\" global_colors_info=\"{}\"][\/et_pb_image][et_pb_image src=\"https:\/\/clubcaratermallorqui.com\/wp-content\/uploads\/ca-rater-alerta.jpg\" align=\"center\" force_fullwidth=\"on\" _builder_version=\"4.21.0\" _module_preset=\"default\" global_colors_info=\"{}\"][\/et_pb_image][\/et_pb_column][\/et_pb_row][\/et_pb_section]","_et_gb_content_width":"","footnotes":""},"class_list":["post-553","page","type-page","status-publish","has-post-thumbnail","hentry"],"_links":{"self":[{"href":"https:\/\/clubcaratermallorqui.com\/en\/wp-json\/wp\/v2\/pages\/553","targetHints":{"allow":["GET"]}}],"collection":[{"href":"https:\/\/clubcaratermallorqui.com\/en\/wp-json\/wp\/v2\/pages"}],"about":[{"href":"https:\/\/clubcaratermallorqui.com\/en\/wp-json\/wp\/v2\/types\/page"}],"author":[{"embeddable":true,"href":"https:\/\/clubcaratermallorqui.com\/en\/wp-json\/wp\/v2\/users\/1"}],"replies":[{"embeddable":true,"href":"https:\/\/clubcaratermallorqui.com\/en\/wp-json\/wp\/v2\/comments?post=553"}],"version-history":[{"count":4,"href":"https:\/\/clubcaratermallorqui.com\/en\/wp-json\/wp\/v2\/pages\/553\/revisions"}],"predecessor-version":[{"id":559,"href":"https:\/\/clubcaratermallorqui.com\/en\/wp-json\/wp\/v2\/pages\/553\/revisions\/559"}],"wp:featuredmedia":[{"embeddable":true,"href":"https:\/\/clubcaratermallorqui.com\/en\/wp-json\/wp\/v2\/media\/404"}],"wp:attachment":[{"href":"https:\/\/clubcaratermallorqui.com\/en\/wp-json\/wp\/v2\/media?parent=553"}],"curies":[{"name":"wp","href":"https:\/\/api.w.org\/{rel}","templated":true}]}}