{"id":541,"date":"2010-06-09T16:57:16","date_gmt":"2010-06-09T14:57:16","guid":{"rendered":"https:\/\/clubcaratermallorqui.com\/?page_id=541"},"modified":"2023-06-20T12:39:17","modified_gmt":"2023-06-20T10:39:17","slug":"the-club","status":"publish","type":"page","link":"https:\/\/clubcaratermallorqui.com\/en\/the-club\/","title":{"rendered":"The Club"},"content":{"rendered":"<p>[et_pb_section fb_built=&#8221;1&#8243; admin_label=&#8221;section&#8221; _builder_version=&#8221;4.16&#8243; global_colors_info=&#8221;{}&#8221;][et_pb_row column_structure=&#8221;3_4,1_4&#8243; _builder_version=&#8221;4.21.0&#8243; _module_preset=&#8221;default&#8221; global_colors_info=&#8221;{}&#8221;][et_pb_column type=&#8221;3_4&#8243; _builder_version=&#8221;4.21.0&#8243; _module_preset=&#8221;default&#8221; global_colors_info=&#8221;{}&#8221;][et_pb_text _builder_version=&#8221;4.21.0&#8243; _module_preset=&#8221;default&#8221; hover_enabled=&#8221;0&#8243; global_colors_info=&#8221;{}&#8221; sticky_enabled=&#8221;0&#8243;]<\/p>\n<p>In 1990, the <strong>Club Ca Rater Mallorqu\u00ed<\/strong> was founded, known by the acronym CEPRAM. It brings together breeders, fans and hunters of Majorcan hunting dogs.<\/p>\n<p><strong>The Club has within its statutory functions, the following:<\/strong><\/p>\n<p>[\/et_pb_text][\/et_pb_column][et_pb_column type=&#8221;1_4&#8243; _builder_version=&#8221;4.21.0&#8243; _module_preset=&#8221;default&#8221; global_colors_info=&#8221;{}&#8221;][et_pb_image src=&#8221;https:\/\/clubcaratermallorqui.com\/wp-content\/uploads\/logo-black-carater.gif&#8221; title_text=&#8221;logo-black-carater&#8221; align=&#8221;center&#8221; _builder_version=&#8221;4.21.0&#8243; _module_preset=&#8221;default&#8221; global_colors_info=&#8221;{}&#8221;][\/et_pb_image][\/et_pb_column][\/et_pb_row][et_pb_row admin_label=&#8221;row&#8221; _builder_version=&#8221;4.16&#8243; background_size=&#8221;initial&#8221; background_position=&#8221;top_left&#8221; background_repeat=&#8221;repeat&#8221; custom_padding=&#8221;0px|||||&#8221; global_colors_info=&#8221;{}&#8221;][et_pb_column type=&#8221;4_4&#8243; _builder_version=&#8221;4.16&#8243; custom_padding=&#8221;|||&#8221; global_colors_info=&#8221;{}&#8221; custom_padding__hover=&#8221;|||&#8221;][et_pb_text admin_label=&#8221;Text&#8221; _builder_version=&#8221;4.21.0&#8243; background_size=&#8221;initial&#8221; background_position=&#8221;top_left&#8221; background_repeat=&#8221;repeat&#8221; custom_margin=&#8221;||||false|false&#8221; global_colors_info=&#8221;{}&#8221;]<\/p>\n<ul>\n<li><span style=\"font-size: 14px;\">Promote the breeding and use of the Mallorcan Ca Rater<\/span><\/li>\n<li>\n<p>Coordinate and improve the breed morphologically and functionally<\/p>\n<\/li>\n<li>\n<p>Proceed with the request, organization and management of the genealogical book of the breed in accordance with current regulations<span style=\"font-size: 14px;\">\u00a0<\/span><\/p>\n<\/li>\n<\/ul>\n<p>The Club organizes dog concentrations, following a tradition even as old as the Club, such as that of Montu\u00efri, since 1990. It is also present at hunting fairs and agricultural and livestock events throughout Mallorca.<\/p>\n<p>Currently the census of dogs of the breed registered in the club is over a thousand copies. Many specimens are still outside the records, as occurs in the areas of origin of the breeds.<\/p>\n<p>Even so, the annual inscriptions of pups in the registry are around 150 specimens. Considerable figure, especially when compared to other local breeds that have enjoyed official records since long before.<\/p>\n<p>In 2002 the Club del Ca Rater Mallorcan took on another dimension by being officially recognized as a group of breeders of purebred dogs.<\/p>\n<p><strong>CLUB DEL CA RATER MALLORQU\u00cd<\/strong><\/p>\n<p><strong>President<\/strong>: Maria Cassellas Gelabert.<\/p>\n<p><strong>Vice Presidents<\/strong>: Joan Miralles Gomila, Miquel Dur\u00e1n Gay\u00e0, Lloren\u00e7 Payeras Capell\u00e0<\/p>\n<p><strong>Treasurer<\/strong>: Jos\u00e9 Francisco Riutort Sbert<\/p>\n<p><strong>Members<\/strong>: Rafael Garau Genobart, Lloren\u00e7 Mestre Sureda, Maribel Costa Nadal, Mar\u00eda Antonia Espinosa Moreno and Francisca Sala.<\/p>\n<p>Address: C\/ Sa corona, 18 &#8211; 07230 Montu\u00efri (Mallorca, Balearic Islands) \/ Tel. 971 64 61 02<\/p>\n<p><!-- \/divi:paragraph -->[\/et_pb_text][et_pb_gallery gallery_ids=&#8221;235,236,254,253,238,239,240,241,242,243,244,245,246,247,248,249,250,255,256,257&#8243; posts_number=&#8221;24&#8243; show_title_and_caption=&#8221;off&#8221; _builder_version=&#8221;4.21.0&#8243; _module_preset=&#8221;default&#8221; border_radii_image=&#8221;on|10px|10px|10px|10px&#8221; global_colors_info=&#8221;{}&#8221;][\/et_pb_gallery][\/et_pb_column][\/et_pb_row][\/et_pb_section]<\/p>\n","protected":false},"excerpt":{"rendered":"<p>In 1990, the Club Ca Rater Mallorqu\u00ed was founded, known by the acronym CEPRAM. It brings together breeders, fans and hunters of Majorcan hunting dogs. The Club has within its statutory functions, the following: Promote the breeding and use of the Mallorcan Ca Rater Coordinate and improve the breed morphologically and functionally Proceed with the [&hellip;]<\/p>\n","protected":false},"author":1,"featured_media":348,"parent":0,"menu_order":3,"comment_status":"closed","ping_status":"closed","template":"","meta":{"_et_pb_use_builder":"on","_et_pb_old_content":"[et_pb_section fb_built=\"1\" admin_label=\"section\" _builder_version=\"4.16\" global_colors_info=\"{}\"][et_pb_row column_structure=\"3_4,1_4\" _builder_version=\"4.21.0\" _module_preset=\"default\" global_colors_info=\"{}\"][et_pb_column type=\"3_4\" _builder_version=\"4.21.0\" _module_preset=\"default\" global_colors_info=\"{}\"][et_pb_text _builder_version=\"4.21.0\" _module_preset=\"default\" global_colors_info=\"{}\"]\n\nEn 1990 se fund\u00f3 el <strong>Club Espa\u00f1ol del Ca Rater Mallorqu\u00ed<\/strong>, conocido por las siglas CEPRAM. Agrupa a criadores, aficionados y cazadores de perros rateros mallorquines.\n\n<strong>El Club tiene dentro de sus funciones estatutarias, las siguientes:<\/strong>\n\n[\/et_pb_text][\/et_pb_column][et_pb_column type=\"1_4\" _builder_version=\"4.21.0\" _module_preset=\"default\" global_colors_info=\"{}\"][et_pb_image src=\"https:\/\/clubcaratermallorqui.com\/wp-content\/uploads\/logo-black-carater.gif\" title_text=\"logo-black-carater\" align=\"center\" _builder_version=\"4.21.0\" _module_preset=\"default\" global_colors_info=\"{}\"][\/et_pb_image][\/et_pb_column][\/et_pb_row][et_pb_row admin_label=\"row\" _builder_version=\"4.16\" background_size=\"initial\" background_position=\"top_left\" background_repeat=\"repeat\" global_colors_info=\"{}\" custom_padding=\"0px|||||\"][et_pb_column type=\"4_4\" _builder_version=\"4.16\" custom_padding=\"|||\" global_colors_info=\"{}\" custom_padding__hover=\"|||\"][et_pb_text admin_label=\"Text\" _builder_version=\"4.21.0\" background_size=\"initial\" background_position=\"top_left\" background_repeat=\"repeat\" custom_margin=\"||||false|false\" global_colors_info=\"{}\"]\n<ul>\n \t<li><span style=\"font-size: 14px;\">Fomentar la cr\u00eda y utilizaci\u00f3n del Ca Rater Mallorqu\u00ed<\/span><\/li>\n \t<li>Coordinar y mejorar la raza morfol\u00f3gica y funcionalmente<\/li>\n \t<li>Proceder a la petici\u00f3n, organizaci\u00f3n y gesti\u00f3n del libro geneal\u00f3gico de la raza de acuerdo con la normativa vigente<\/li>\n<\/ul>\nEl Club organiza concentraciones de perros, siguiendo una tradici\u00f3n incluso tan antigua como el Club, como por ejemplo la de Montu\u00efri, desde el a\u00f1o 1990. Tambi\u00e9n est\u00e1 presente en ferias de caza y eventos agroganaderos de toda Mallorca.\n\nActualmente el censo de perros de la raza inscrita en el club est\u00e1 sobre el millar de ejemplares. A\u00fan muchos ejemplares se encuentran fuera de los registros, como ocurre en las zonas de origen de las razas.\n\nA\u00fan as\u00ed, las inscripciones anuales de cr\u00edas en el registro est\u00e1n en torno a los 150 ejemplares. Cifra considerable, sobre todo comparando con otras razas locales que disfrutan de registros oficiales desde mucho antes.\n\nEn 2002 el Club del Ca Rater Mallorqu\u00edn tom\u00f3 otra dimensi\u00f3n al ser reconocido oficialmente como grupo de criadores de perros de pura raza.\n\n<strong>CLUB DEL CA RATER MALLORQUI<\/strong>\n\n<strong>Presidenta<\/strong>: Maria Cassellas Gelabert.\n\n<strong>Vicepresidentes<\/strong>: Joan Miralles Gomila, Miquel Dur\u00e1n Gay\u00e0, Lloren\u00e7 Payeras Capell\u00e0\n\n<strong>Tesorero<\/strong>: Jos\u00e9 Francisco Riutort Sbert\n\n<strong>Vocales<\/strong>: Rafael Garau Genobart, Lloren\u00e7 Mestre Sureda, Maribel Costa Nadal, Mar\u00eda Antonia Espinosa Moreno y Francisca Sala.\n\nDomicilio: C\/ Sa corona, 18 - 07230 Montu\u00efri (Mallorca, Islas Baleares) \/ Tel. 971 64 61 02\n\n&nbsp;\n\n<!-- \/divi:paragraph -->[\/et_pb_text][et_pb_gallery gallery_ids=\"235,236,254,253,238,239,240,241,242,243,244,245,246,247,248,249,250,255,256,257\" posts_number=\"24\" show_title_and_caption=\"off\" _builder_version=\"4.21.0\" _module_preset=\"default\" border_radii_image=\"on|10px|10px|10px|10px\" global_colors_info=\"{}\"][\/et_pb_gallery][\/et_pb_column][\/et_pb_row][\/et_pb_section]","_et_gb_content_width":"","footnotes":""},"class_list":["post-541","page","type-page","status-publish","has-post-thumbnail","hentry"],"_links":{"self":[{"href":"https:\/\/clubcaratermallorqui.com\/en\/wp-json\/wp\/v2\/pages\/541","targetHints":{"allow":["GET"]}}],"collection":[{"href":"https:\/\/clubcaratermallorqui.com\/en\/wp-json\/wp\/v2\/pages"}],"about":[{"href":"https:\/\/clubcaratermallorqui.com\/en\/wp-json\/wp\/v2\/types\/page"}],"author":[{"embeddable":true,"href":"https:\/\/clubcaratermallorqui.com\/en\/wp-json\/wp\/v2\/users\/1"}],"replies":[{"embeddable":true,"href":"https:\/\/clubcaratermallorqui.com\/en\/wp-json\/wp\/v2\/comments?post=541"}],"version-history":[{"count":5,"href":"https:\/\/clubcaratermallorqui.com\/en\/wp-json\/wp\/v2\/pages\/541\/revisions"}],"predecessor-version":[{"id":558,"href":"https:\/\/clubcaratermallorqui.com\/en\/wp-json\/wp\/v2\/pages\/541\/revisions\/558"}],"wp:featuredmedia":[{"embeddable":true,"href":"https:\/\/clubcaratermallorqui.com\/en\/wp-json\/wp\/v2\/media\/348"}],"wp:attachment":[{"href":"https:\/\/clubcaratermallorqui.com\/en\/wp-json\/wp\/v2\/media?parent=541"}],"curies":[{"name":"wp","href":"https:\/\/api.w.org\/{rel}","templated":true}]}}