{"id":510,"date":"2010-06-10T16:05:34","date_gmt":"2010-06-10T14:05:34","guid":{"rendered":"https:\/\/clubcaratermallorqui.com\/?page_id=510"},"modified":"2025-05-15T19:46:32","modified_gmt":"2025-05-15T17:46:32","slug":"home","status":"publish","type":"page","link":"https:\/\/clubcaratermallorqui.com\/en\/","title":{"rendered":"Home"},"content":{"rendered":"\n[et_pb_section fb_built=&#8221;1&#8243; _builder_version=&#8221;4.21.0&#8243; custom_padding=&#8221;7px|||||&#8221; global_colors_info=&#8221;{}&#8221;][et_pb_row _builder_version=&#8221;4.16&#8243; background_size=&#8221;initial&#8221; background_position=&#8221;top_left&#8221; background_repeat=&#8221;repeat&#8221; global_colors_info=&#8221;{}&#8221;][et_pb_column type=&#8221;4_4&#8243; _builder_version=&#8221;4.16&#8243; custom_padding=&#8221;|||&#8221; global_colors_info=&#8221;{}&#8221; custom_padding__hover=&#8221;|||&#8221;][et_pb_image src=&#8221;https:\/\/clubcaratermallorqui.com\/wp-content\/uploads\/logo-black-carater.gif&#8221; title_text=&#8221;logo-black-carater&#8221; align=&#8221;center&#8221; _builder_version=&#8221;4.21.0&#8243; _module_preset=&#8221;default&#8221; locked=&#8221;off&#8221; global_colors_info=&#8221;{}&#8221;][\/et_pb_image][et_pb_text _builder_version=&#8221;4.21.0&#8243; background_size=&#8221;initial&#8221; background_position=&#8221;top_left&#8221; background_repeat=&#8221;repeat&#8221; global_colors_info=&#8221;{}&#8221;]<!-- divi:paragraph --><!-- \/divi:paragraph --><!-- divi:image {\"id\":15} --><!-- \/divi:image --><!-- \/divi:separator --><!-- divi:paragraph -->\n<p>Welcome to the official website of the <strong>Club del Ca Rater Mallorca<\/strong>, here you can find all the information about the Ca Rater. We hope that our website is to your liking, easy to use and, above all, useful for everyone. Our priority is to provide all the information you are looking for related to our Club in the simplest and fastest way.<\/p>\n<p>Sincerely,<\/p>\n<p><strong>CLUB DEL CA RATER MALLORQU\u00cd<\/strong><\/p>\n<p><span style=\"font-size: 14px;\">C\/ Gregal, 3, 1r-D, 07610 Palma T\/ 971 266727 \/ 669037889<\/span><\/p>\n<p><a href=\"mailto:info@clubcaratermallorqui.com\">info@clubcaratermallorqui.com<\/a><\/p>\n<!-- \/divi:paragraph -->[\/et_pb_text][et_pb_text _builder_version=&#8221;4.27.2&#8243; _module_preset=&#8221;default&#8221; hover_enabled=&#8221;0&#8243; sticky_enabled=&#8221;0&#8243;]<p>Dear partner<\/p>\n<p>I am addressing you to inform you of the following:<\/p>\n<p>1- That next OCTOBER 19, 2024, the recognition of dogs that have completed one year, with and without origins, will take place.<\/p>\n<p>For dogs without origins, it is mandatory that they have a microchip and a valid health card.<\/p>\n<p>The recognition fee for dogs without origins, both for members and non-members, is 150 euros.<\/p>\n<p>The recognition will take place in Passeig del Dau de Montu\u00efri.<\/p>\n<p>Hours are from 4 to 6 p.m.<\/p>\n<p>2- That next December 1, 2024, the XXI Monograph of Ca Rater Mallorca will be held. To participate, you must send the registrations before November 25, 2024 to the following email addresses:<\/p>\n<p>quicoriutord@gmail.com and maespinosamo@gmail.com or by watsapp at n\u00ba 669037889.<\/p>\n<p>If the monograph could not be held, we would let you know as soon as possible.<\/p>[\/et_pb_text][et_pb_button button_url=&#8221;https:\/\/clubcaratermallorqui.com\/wp-content\/uploads\/CaRater-ficha-inscripcion-2024.pdf&#8221; button_text=&#8221;Download registration sheet&#8221; button_alignment=&#8221;center&#8221; _builder_version=&#8221;4.27.2&#8243; _module_preset=&#8221;default&#8221; hover_enabled=&#8221;0&#8243; global_colors_info=&#8221;{}&#8221; sticky_enabled=&#8221;0&#8243;][\/et_pb_button][et_pb_image src=&#8221;https:\/\/clubcaratermallorqui.com\/wp-content\/uploads\/doc-20-05-2024-scaled.jpg&#8221; title_text=&#8221;doc-20-05-2024&#8243; align=&#8221;center&#8221; _builder_version=&#8221;4.25.1&#8243; _module_preset=&#8221;default&#8221; custom_margin=&#8221;||||false|false&#8221; custom_padding=&#8221;||||false|false&#8221; global_colors_info=&#8221;{}&#8221;][\/et_pb_image][et_pb_image src=&#8221;https:\/\/clubcaratermallorqui.com\/wp-content\/uploads\/XXmonografica-ca-rater-dec-2023.jpg&#8221; title_text=&#8221;XXmonografica-ca-rater-dec-2023&#8243; align=&#8221;center&#8221; _builder_version=&#8221;4.23.1&#8243; _module_preset=&#8221;default&#8221; custom_margin=&#8221;||||false|false&#8221; custom_padding=&#8221;||||false|false&#8221; global_colors_info=&#8221;{}&#8221;][\/et_pb_image][et_pb_image src=&#8221;https:\/\/clubcaratermallorqui.com\/wp-content\/uploads\/monografica-carater-2023-scaled.jpg&#8221; title_text=&#8221;monografica-carater-2023&#8243; _builder_version=&#8221;4.22.2&#8243; _module_preset=&#8221;default&#8221; custom_margin=&#8221;||||false|false&#8221; custom_padding=&#8221;||||false|false&#8221; global_colors_info=&#8221;{}&#8221;][\/et_pb_image][et_pb_gallery gallery_ids=&#8221;113,114,115,116,117,118,119,120,121,122,123,124,125,126,127,128,129,130,131,132,133,134,135&#8243; gallery_orderby=&#8221;rand&#8221; posts_number=&#8221;24&#8243; orientation=&#8221;portrait&#8221; show_title_and_caption=&#8221;off&#8221; _builder_version=&#8221;4.21.0&#8243; _module_preset=&#8221;default&#8221; background_enable_color=&#8221;off&#8221; global_colors_info=&#8221;{}&#8221;][\/et_pb_gallery][\/et_pb_column][\/et_pb_row][\/et_pb_section]\n","protected":false},"excerpt":{"rendered":"<p>Welcome to the official website of the Club del Ca Rater Mallorca, here you can find all the information about the Ca Rater. We hope that our website is to your liking, easy to use and, above all, useful for everyone. Our priority is to provide all the information you are looking for related to [&hellip;]<\/p>\n","protected":false},"author":1,"featured_media":0,"parent":0,"menu_order":2,"comment_status":"closed","ping_status":"closed","template":"","meta":{"_et_pb_use_builder":"on","_et_pb_old_content":"[et_pb_section fb_built=\"1\" _builder_version=\"4.21.0\" global_colors_info=\"{}\" custom_padding=\"7px|||||\"][et_pb_row _builder_version=\"4.16\" background_size=\"initial\" background_position=\"top_left\" background_repeat=\"repeat\" global_colors_info=\"{}\"][et_pb_column type=\"4_4\" _builder_version=\"4.16\" custom_padding=\"|||\" global_colors_info=\"{}\" custom_padding__hover=\"|||\"][et_pb_image src=\"https:\/\/clubcaratermallorqui.com\/wp-content\/uploads\/logo-black-carater.gif\" title_text=\"logo-black-carater\" align=\"center\" _builder_version=\"4.21.0\" _module_preset=\"default\" global_colors_info=\"{}\" locked=\"off\"][\/et_pb_image][et_pb_text _builder_version=\"4.21.0\" background_size=\"initial\" background_position=\"top_left\" background_repeat=\"repeat\" global_colors_info=\"{}\"]<!-- divi:paragraph --><!-- \/divi:paragraph --><!-- divi:image {\"id\":15} --><!-- \/divi:image --><!-- \/divi:separator --><!-- divi:paragraph -->\n\nBenvinguts a la web oficial del<strong> Club del Ca Rater Mallorqu\u00ed<\/strong>, aqu\u00ed podreu trobar tota la informaci\u00f3 sobre el Ca Rater. Esperem que el nostre lloc web us sigui agradable, f\u00e0cil d'utilitzar i sobretot \u00fatil per a tots, la nostra prioritat \u00e9s facilitar tota la informaci\u00f3 que cerques relacionada amb el nostre club de la manera m\u00e9s senzilla i r\u00e0pida.\n\n&nbsp;Atentament,\n\n<strong>CLUB DEL CA RATER MALLORQU\u00cd<\/strong>\n\n<span style=\"font-size: 14px;\">C\/ Gregal, 3, 1r-D, 07610 Palma T\/ 971 266727 \/ 669037889<\/span>\n\n<a href=\"mailto:info@clubcaratermallorqui.com\">info@clubcaratermallorqui.com<\/a>\n\n&nbsp;\n\n<!-- \/divi:paragraph -->[\/et_pb_text][et_pb_button button_text=\"Descarregar full d'nscripci\u00f3\" button_alignment=\"center\" _builder_version=\"4.21.0\" _module_preset=\"default\" global_colors_info=\"{}\"][\/et_pb_button][et_pb_gallery gallery_ids=\"113,114,115,116,117,118,119,120,121,122,123,124,125,126,127,128,129,130,131,132,133,134,135\" gallery_orderby=\"rand\" posts_number=\"24\" orientation=\"portrait\" show_title_and_caption=\"off\" _builder_version=\"4.21.0\" _module_preset=\"default\" background_enable_color=\"off\" global_colors_info=\"{}\"][\/et_pb_gallery][\/et_pb_column][\/et_pb_row][\/et_pb_section]","_et_gb_content_width":"","footnotes":""},"class_list":["post-510","page","type-page","status-publish","hentry"],"_links":{"self":[{"href":"https:\/\/clubcaratermallorqui.com\/en\/wp-json\/wp\/v2\/pages\/510","targetHints":{"allow":["GET"]}}],"collection":[{"href":"https:\/\/clubcaratermallorqui.com\/en\/wp-json\/wp\/v2\/pages"}],"about":[{"href":"https:\/\/clubcaratermallorqui.com\/en\/wp-json\/wp\/v2\/types\/page"}],"author":[{"embeddable":true,"href":"https:\/\/clubcaratermallorqui.com\/en\/wp-json\/wp\/v2\/users\/1"}],"replies":[{"embeddable":true,"href":"https:\/\/clubcaratermallorqui.com\/en\/wp-json\/wp\/v2\/comments?post=510"}],"version-history":[{"count":23,"href":"https:\/\/clubcaratermallorqui.com\/en\/wp-json\/wp\/v2\/pages\/510\/revisions"}],"predecessor-version":[{"id":708,"href":"https:\/\/clubcaratermallorqui.com\/en\/wp-json\/wp\/v2\/pages\/510\/revisions\/708"}],"wp:attachment":[{"href":"https:\/\/clubcaratermallorqui.com\/en\/wp-json\/wp\/v2\/media?parent=510"}],"curies":[{"name":"wp","href":"https:\/\/api.w.org\/{rel}","templated":true}]}}